{"id":1406,"date":"2020-10-26T16:54:19","date_gmt":"2020-10-26T15:54:19","guid":{"rendered":"https:\/\/gruebelbach.de\/?page_id=1406"},"modified":"2022-08-26T03:41:30","modified_gmt":"2022-08-26T01:41:30","slug":"presse-info-zur-single-katze-erkennen","status":"publish","type":"page","link":"https:\/\/gruebelbach.de\/en\/presse-infos-zu-releases-von-konrad-gruebelbach\/presse-info-zur-single-katze-erkennen\/","title":{"rendered":"Presse-Info zur Single \ud83c\udfb8 \ud83d\ude3a KATZE ERKENNEN"},"content":{"rendered":"<div>\n<div style=\"float: left; margin-right: 30px;\">\n<img data-recalc-dims=\"1\" loading=\"lazy\" decoding=\"async\" title=\"Katze erkennen Cover 1\" src=\"https:\/\/i0.wp.com\/gruebelbach.de\/wp-content\/uploads\/Katze-erkennen-Cover-1.jpg?resize=300%2C300&#038;ssl=1\" alt=\"Katze erkennen Cover 1\" class=\"size-medium wp-image-1407\" width=\"300\" height=\"300\" srcset=\"https:\/\/i0.wp.com\/gruebelbach.de\/wp-content\/uploads\/Katze-erkennen-Cover-1-scaled.jpg?resize=300%2C300&amp;ssl=1 300w, https:\/\/i0.wp.com\/gruebelbach.de\/wp-content\/uploads\/Katze-erkennen-Cover-1-scaled.jpg?resize=1024%2C1024&amp;ssl=1 1024w, https:\/\/i0.wp.com\/gruebelbach.de\/wp-content\/uploads\/Katze-erkennen-Cover-1-scaled.jpg?resize=150%2C150&amp;ssl=1 150w, https:\/\/i0.wp.com\/gruebelbach.de\/wp-content\/uploads\/Katze-erkennen-Cover-1-scaled.jpg?resize=768%2C768&amp;ssl=1 768w, https:\/\/i0.wp.com\/gruebelbach.de\/wp-content\/uploads\/Katze-erkennen-Cover-1-scaled.jpg?resize=1536%2C1536&amp;ssl=1 1536w, https:\/\/i0.wp.com\/gruebelbach.de\/wp-content\/uploads\/Katze-erkennen-Cover-1-scaled.jpg?resize=2048%2C2048&amp;ssl=1 2048w, https:\/\/i0.wp.com\/gruebelbach.de\/wp-content\/uploads\/Katze-erkennen-Cover-1-scaled.jpg?resize=200%2C200&amp;ssl=1 200w, https:\/\/i0.wp.com\/gruebelbach.de\/wp-content\/uploads\/Katze-erkennen-Cover-1-scaled.jpg?resize=100%2C100&amp;ssl=1 100w, https:\/\/i0.wp.com\/gruebelbach.de\/wp-content\/uploads\/Katze-erkennen-Cover-1-scaled.jpg?w=1330&amp;ssl=1 1330w, https:\/\/i0.wp.com\/gruebelbach.de\/wp-content\/uploads\/Katze-erkennen-Cover-1-scaled.jpg?w=1995&amp;ssl=1 1995w\" sizes=\"auto, (max-width: 300px) 100vw, 300px\" \/>\n<\/div>\n<p>&nbsp;<br \/>\nKonrad Gr\u00fcbelbach<br \/>\n<strong>KATZE ERKENNEN<\/strong><br \/>\nLabel: Gr\u00fcbelSound<br \/>\nGTIN\/EAN\/UPC: 4064832129397<br \/>\nISRC: DELJ82057237<\/p>\n<p><em>Auf den Plattformen:<\/em><br \/>\n<a href=\"https:\/\/open.spotify.com\/track\/3DNtBfj1qClpxdFNPjh0Vu\" rel=\"noopener noreferrer\" target=\"_blank\"><strong>Spotify<\/strong><\/a><br \/>\n<a href=\"https:\/\/www.deezer.com\/de\/track\/1055129542\" rel=\"noopener noreferrer\" target=\"_blank\"><strong>Deezer<\/strong><\/a><br \/>\n<a href=\"https:\/\/www.amazon.de\/Katze-erkennen\/dp\/B08G8WGLZJ\/\" rel=\"noopener noreferrer\" target=\"_blank\"><strong>amazon<\/strong><\/a><br \/>\n<a href=\"https:\/\/music.apple.com\/de\/album\/katze-erkennen-single\/1528566711\" rel=\"noopener noreferrer\" target=\"_blank\"><strong>iTunes<\/strong><\/a><\/p>\n<\/div>\n<div style=\"clear: both; margin-top: 20px;\">&nbsp;<\/div>\n<p>\u201eWas machst du, wenn du dich nicht erinnerst \/ woran man eine Katze erkennt?\u201c \u2013 Sichere Abhilfe bei Alltagsproblemen wie diesen verspricht die erste Musik-Single <strong>KATZE ERKENNEN<\/strong> von <strong>Konrad GR\u00dcBELBACH<\/strong>, <strong>Liedermacher\/Singer-Songwriter<\/strong> mit <strong>Gitarrenmusik<\/strong> und <strong>deutschsprachigen Texten<\/strong>.<\/p>\n<p>Als erstes Release aus dem kommenden <strong>Album BROTESTSONGS<\/strong> (Erscheinungsdatum: 20.11.2020) ist KATZE ERKENNEN ein w\u00fcrdiger Einstand: Energische <strong>Akustikgitarre <\/strong>trifft auf subtile Synthie-Perkussion, enigmatische Lyrics kreisen satirisch um das Krisenhafte im Privaten und \u00d6ffentlichen, um Gefahren des Fahrradverkehrs, der Gleichstellung oder die Zukunftsaussichten der SPD. Musikalisch-stilistisch ist der Song etwas schwierig einzuordnen: im Grenzbereich zwischen <strong>Folk, Jazz und Blues<\/strong>.<\/p>\n<p><iframe loading=\"lazy\" src=\"https:\/\/www.youtube.com\/embed\/cLAa3UmIh0o\" allow=\"accelerometer; autoplay; clipboard-write; encrypted-media; gyroscope; picture-in-picture\" allowfullscreen=\"\" width=\"560\" height=\"315\" frameborder=\"0\"><\/iframe><\/p>\n<p>Konrad Gr\u00fcbelbach steht in einer Tradition von <strong>Liedermachern mit satirischem Einschlag<\/strong>. Dabei sind seine sprachlichen Mittel ausgefallen. Die musikalischen Arrangements mischen das <strong>Akustische <\/strong>mit dem <strong>Elektronischen <\/strong>und gewinnen den altbekannten Sounds der <strong>Protestsong- und Chanson<\/strong>-Gitarreros bisher unbekannte Nuancen ab. Der musikalische Stil l\u00e4sst sich schwer verorten. In KATZE ERKENNEN sind es merkbare Tendenzen zu Jazz und Folk in einem recht puristischen und klaren Klangbild. \u201eIch sehe mich als Soundbastler und Konzeptk\u00fcnstler mit einem Hang zum Parodistischen, der mich schon reichlich Sozialbeziehungen gekostet hat\u201c, wei\u00df der in Potsdam lebende Gr\u00fcbelbach zu berichten, wenn man ihn danach fragt. In seinen nun beginnenden Musik-Releases sieht er zugleich eine \u201eResozialisierungsma\u00dfnahme\u201c, da in diesen keine ihm pers\u00f6nlich bekannten Personen direkt angesprochen werden.<\/p>\n<p>Auf Gr\u00fcbelbachs YouTube-Kanal begleitet das Release ein selbstgeschraubtes <a href=\"https:\/\/youtu.be\/cLAa3UmIh0o\" rel=\"noopener noreferrer\" target=\"_blank\"><strong>Musikvideo<\/strong> mit vielgestaltigem <strong>Katzen-Content<\/strong><\/a>.<\/p>\n<p>Als n\u00e4chste Single-Auskopplung folgt am 30.10.2020 die Rock-Attacke TEIL DES SYSTEMS.<\/p>\n<div class=\"shariff shariff-align-left shariff-widget-align-left\"><ul class=\"shariff-buttons theme-round orientation-horizontal buttonsize-medium\"><li class=\"shariff-button twitter shariff-nocustomcolor\" style=\"background-color:#595959\"><a href=\"https:\/\/twitter.com\/share?url=https%3A%2F%2Fgruebelbach.de%2Fen%2Fpresse-infos-zu-releases-von-konrad-gruebelbach%2Fpresse-info-zur-single-katze-erkennen%2F&text=Presse-Info%20zur%20Single%20%F0%9F%8E%B8%20%F0%9F%98%BA%20KATZE%20ERKENNEN\" title=\"Bei X teilen\" aria-label=\"Bei X teilen\" role=\"button\" rel=\"noopener nofollow\" class=\"shariff-link\" style=\"; background-color:#000; color:#fff\" target=\"_blank\"><span class=\"shariff-icon\" style=\"\"><svg width=\"32px\" height=\"20px\" xmlns=\"http:\/\/www.w3.org\/2000\/svg\" viewBox=\"0 0 24 24\"><path fill=\"#000\" d=\"M14.258 10.152L23.176 0h-2.113l-7.747 8.813L7.133 0H0l9.352 13.328L0 23.973h2.113l8.176-9.309 6.531 9.309h7.133zm-2.895 3.293l-.949-1.328L2.875 1.56h3.246l6.086 8.523.945 1.328 7.91 11.078h-3.246zm0 0\"\/><\/svg><\/span><\/a><\/li><li class=\"shariff-button facebook shariff-nocustomcolor\" style=\"background-color:#4273c8\"><a href=\"https:\/\/www.facebook.com\/sharer\/sharer.php?u=https%3A%2F%2Fgruebelbach.de%2Fen%2Fpresse-infos-zu-releases-von-konrad-gruebelbach%2Fpresse-info-zur-single-katze-erkennen%2F\" title=\"Bei Facebook teilen\" aria-label=\"Bei Facebook teilen\" role=\"button\" rel=\"nofollow\" class=\"shariff-link\" style=\"; background-color:#3b5998; color:#fff\" target=\"_blank\"><span class=\"shariff-icon\" style=\"\"><svg width=\"32px\" height=\"20px\" xmlns=\"http:\/\/www.w3.org\/2000\/svg\" viewBox=\"0 0 18 32\"><path fill=\"#3b5998\" d=\"M17.1 0.2v4.7h-2.8q-1.5 0-2.1 0.6t-0.5 1.9v3.4h5.2l-0.7 5.3h-4.5v13.6h-5.5v-13.6h-4.5v-5.3h4.5v-3.9q0-3.3 1.9-5.2t5-1.8q2.6 0 4.1 0.2z\"\/><\/svg><\/span><\/a><\/li><li class=\"shariff-button pinterest shariff-nocustomcolor\" style=\"background-color:#e70f18\"><a href=\"https:\/\/www.pinterest.com\/pin\/create\/link\/?url=https%3A%2F%2Fgruebelbach.de%2Fen%2Fpresse-infos-zu-releases-von-konrad-gruebelbach%2Fpresse-info-zur-single-katze-erkennen%2F&media=https%3A%2F%2Fgruebelbach.de%2Fwp-content%2Fuploads%2FKatze-erkennen-Cover-1-scaled.jpg&description=Presse-Info%20zur%20Single%20%F0%9F%8E%B8%20%F0%9F%98%BA%20KATZE%20ERKENNEN\" title=\"Bei Pinterest pinnen\" aria-label=\"Bei Pinterest pinnen\" role=\"button\" rel=\"noopener nofollow\" class=\"shariff-link\" style=\"; background-color:#cb2027; color:#fff\" target=\"_blank\"><span class=\"shariff-icon\" style=\"\"><svg width=\"32px\" height=\"20px\" xmlns=\"http:\/\/www.w3.org\/2000\/svg\" viewBox=\"0 0 27 32\"><path fill=\"#cb2027\" d=\"M27.4 16q0 3.7-1.8 6.9t-5 5-6.9 1.9q-2 0-3.9-0.6 1.1-1.7 1.4-2.9 0.2-0.6 1-3.8 0.4 0.7 1.3 1.2t2 0.5q2.1 0 3.8-1.2t2.7-3.4 0.9-4.8q0-2-1.1-3.8t-3.1-2.9-4.5-1.2q-1.9 0-3.5 0.5t-2.8 1.4-2 2-1.2 2.3-0.4 2.4q0 1.9 0.7 3.3t2.1 2q0.5 0.2 0.7-0.4 0-0.1 0.1-0.5t0.2-0.5q0.1-0.4-0.2-0.8-0.9-1.1-0.9-2.7 0-2.7 1.9-4.6t4.9-2q2.7 0 4.2 1.5t1.5 3.8q0 3-1.2 5.2t-3.1 2.1q-1.1 0-1.7-0.8t-0.4-1.9q0.1-0.6 0.5-1.7t0.5-1.8 0.2-1.4q0-0.9-0.5-1.5t-1.4-0.6q-1.1 0-1.9 1t-0.8 2.6q0 1.3 0.4 2.2l-1.8 7.5q-0.3 1.2-0.2 3.2-3.7-1.6-6-5t-2.3-7.6q0-3.7 1.9-6.9t5-5 6.9-1.9 6.9 1.9 5 5 1.8 6.9z\"\/><\/svg><\/span><\/a><\/li><li class=\"shariff-button telegram shariff-nocustomcolor\" style=\"background-color:#4084A6\"><a href=\"https:\/\/telegram.me\/share\/url?url=https%3A%2F%2Fgruebelbach.de%2Fen%2Fpresse-infos-zu-releases-von-konrad-gruebelbach%2Fpresse-info-zur-single-katze-erkennen%2F&text=Presse-Info%20zur%20Single%20%F0%9F%8E%B8%20%F0%9F%98%BA%20KATZE%20ERKENNEN\" title=\"Bei Telegram teilen\" aria-label=\"Bei Telegram teilen\" role=\"button\" rel=\"noopener nofollow\" class=\"shariff-link\" style=\"; background-color:#0088cc; color:#fff\" target=\"_blank\"><span class=\"shariff-icon\" style=\"\"><svg width=\"32px\" height=\"20px\" xmlns=\"http:\/\/www.w3.org\/2000\/svg\" viewBox=\"0 0 32 32\"><path fill=\"#0088cc\" d=\"M30.8 6.5l-4.5 21.4c-.3 1.5-1.2 1.9-2.5 1.2L16.9 24l-3.3 3.2c-.4.4-.7.7-1.4.7l.5-7L25.5 9.2c.6-.5-.1-.8-.9-.3l-15.8 10L2 16.7c-1.5-.5-1.5-1.5.3-2.2L28.9 4.3c1.3-.5 2.3.3 1.9 2.2z\"\/><\/svg><\/span><\/a><\/li><li class=\"shariff-button whatsapp shariff-nocustomcolor\" style=\"background-color:#5cbe4a\"><a href=\"https:\/\/api.whatsapp.com\/send?text=https%3A%2F%2Fgruebelbach.de%2Fen%2Fpresse-infos-zu-releases-von-konrad-gruebelbach%2Fpresse-info-zur-single-katze-erkennen%2F%20Presse-Info%20zur%20Single%20%F0%9F%8E%B8%20%F0%9F%98%BA%20KATZE%20ERKENNEN\" title=\"Bei Whatsapp teilen\" aria-label=\"Bei Whatsapp teilen\" role=\"button\" rel=\"noopener nofollow\" class=\"shariff-link\" style=\"; background-color:#34af23; color:#fff\" target=\"_blank\"><span class=\"shariff-icon\" style=\"\"><svg width=\"32px\" height=\"20px\" xmlns=\"http:\/\/www.w3.org\/2000\/svg\" viewBox=\"0 0 32 32\"><path fill=\"#34af23\" d=\"M17.6 17.4q0.2 0 1.7 0.8t1.6 0.9q0 0.1 0 0.3 0 0.6-0.3 1.4-0.3 0.7-1.3 1.2t-1.8 0.5q-1 0-3.4-1.1-1.7-0.8-3-2.1t-2.6-3.3q-1.3-1.9-1.3-3.5v-0.1q0.1-1.6 1.3-2.8 0.4-0.4 0.9-0.4 0.1 0 0.3 0t0.3 0q0.3 0 0.5 0.1t0.3 0.5q0.1 0.4 0.6 1.6t0.4 1.3q0 0.4-0.6 1t-0.6 0.8q0 0.1 0.1 0.3 0.6 1.3 1.8 2.4 1 0.9 2.7 1.8 0.2 0.1 0.4 0.1 0.3 0 1-0.9t0.9-0.9zM14 26.9q2.3 0 4.3-0.9t3.6-2.4 2.4-3.6 0.9-4.3-0.9-4.3-2.4-3.6-3.6-2.4-4.3-0.9-4.3 0.9-3.6 2.4-2.4 3.6-0.9 4.3q0 3.6 2.1 6.6l-1.4 4.2 4.3-1.4q2.8 1.9 6.2 1.9zM14 2.2q2.7 0 5.2 1.1t4.3 2.9 2.9 4.3 1.1 5.2-1.1 5.2-2.9 4.3-4.3 2.9-5.2 1.1q-3.5 0-6.5-1.7l-7.4 2.4 2.4-7.2q-1.9-3.2-1.9-6.9 0-2.7 1.1-5.2t2.9-4.3 4.3-2.9 5.2-1.1z\"\/><\/svg><\/span><\/a><\/li><li class=\"shariff-button mailto shariff-nocustomcolor\" style=\"background-color:#a8a8a8\"><a href=\"mailto:?body=https%3A%2F%2Fgruebelbach.de%2Fen%2Fpresse-infos-zu-releases-von-konrad-gruebelbach%2Fpresse-info-zur-single-katze-erkennen%2F&subject=Presse-Info%20zur%20Single%20%F0%9F%8E%B8%20%F0%9F%98%BA%20KATZE%20ERKENNEN\" title=\"Per E-Mail versenden\" aria-label=\"Per E-Mail versenden\" role=\"button\" rel=\"noopener nofollow\" class=\"shariff-link\" style=\"; background-color:#999; color:#fff\"><span class=\"shariff-icon\" style=\"\"><svg width=\"32px\" height=\"20px\" xmlns=\"http:\/\/www.w3.org\/2000\/svg\" viewBox=\"0 0 32 32\"><path fill=\"#999\" d=\"M32 12.7v14.2q0 1.2-0.8 2t-2 0.9h-26.3q-1.2 0-2-0.9t-0.8-2v-14.2q0.8 0.9 1.8 1.6 6.5 4.4 8.9 6.1 1 0.8 1.6 1.2t1.7 0.9 2 0.4h0.1q0.9 0 2-0.4t1.7-0.9 1.6-1.2q3-2.2 8.9-6.1 1-0.7 1.8-1.6zM32 7.4q0 1.4-0.9 2.7t-2.2 2.2q-6.7 4.7-8.4 5.8-0.2 0.1-0.7 0.5t-1 0.7-0.9 0.6-1.1 0.5-0.9 0.2h-0.1q-0.4 0-0.9-0.2t-1.1-0.5-0.9-0.6-1-0.7-0.7-0.5q-1.6-1.1-4.7-3.2t-3.6-2.6q-1.1-0.7-2.1-2t-1-2.5q0-1.4 0.7-2.3t2.1-0.9h26.3q1.2 0 2 0.8t0.9 2z\"\/><\/svg><\/span><\/a><\/li><\/ul><\/div>","protected":false},"excerpt":{"rendered":"<p>&nbsp; Konrad Gr\u00fcbelbach KATZE ERKENNEN Label: Gr\u00fcbelSound GTIN\/EAN\/UPC: 4064832129397 ISRC: DELJ82057237 Auf den Plattformen: Spotify Deezer amazon iTunes &nbsp; \u201eWas machst du, wenn du dich nicht erinnerst \/ woran man eine Katze erkennt?\u201c \u2013 Sichere Abhilfe bei Alltagsproblemen wie diesen verspricht die erste Musik-Single KATZE ERKENNEN von Konrad GR\u00dcBELBACH, Liedermacher\/Singer-Songwriter mit Gitarrenmusik und deutschsprachigen Texten. [&hellip;]<\/p>\n","protected":false},"author":1,"featured_media":1290,"parent":2639,"menu_order":0,"comment_status":"closed","ping_status":"closed","template":"","meta":{"jetpack_post_was_ever_published":false,"footnotes":""},"class_list":["post-1406","page","type-page","status-publish","has-post-thumbnail","hentry"],"yoast_head":"<!-- This site is optimized with the Yoast SEO plugin v27.4 - https:\/\/yoast.com\/product\/yoast-seo-wordpress\/ -->\n<title>Presse-Info zur Single \ud83c\udfb8 \ud83d\ude3a KATZE ERKENNEN<\/title>\n<meta name=\"robots\" content=\"index, follow, max-snippet:-1, max-image-preview:large, max-video-preview:-1\" \/>\n<link rel=\"canonical\" href=\"https:\/\/gruebelbach.de\/en\/presse-infos-zu-releases-von-konrad-gruebelbach\/presse-info-zur-single-katze-erkennen\/\" \/>\n<meta property=\"og:locale\" content=\"en_US\" \/>\n<meta property=\"og:locale:alternate\" content=\"de_DE\" \/>\n<meta property=\"og:type\" content=\"article\" \/>\n<meta property=\"og:title\" content=\"Presse-Info zur Single \ud83c\udfb8 \ud83d\ude3a KATZE ERKENNEN\" \/>\n<meta property=\"og:description\" content=\"&nbsp; Konrad Gr\u00fcbelbach KATZE ERKENNEN Label: Gr\u00fcbelSound GTIN\/EAN\/UPC: 4064832129397 ISRC: DELJ82057237 Auf den Plattformen: Spotify Deezer amazon iTunes &nbsp; \u201eWas machst du, wenn du dich nicht erinnerst \/ woran man eine Katze erkennt?\u201c \u2013 Sichere Abhilfe bei Alltagsproblemen wie diesen verspricht die erste Musik-Single KATZE ERKENNEN von Konrad GR\u00dcBELBACH, Liedermacher\/Singer-Songwriter mit Gitarrenmusik und deutschsprachigen Texten. [&hellip;]\" \/>\n<meta property=\"og:url\" content=\"https:\/\/gruebelbach.de\/en\/presse-infos-zu-releases-von-konrad-gruebelbach\/presse-info-zur-single-katze-erkennen\/\" \/>\n<meta property=\"og:site_name\" content=\"GR\u00dcBELBACH\" \/>\n<meta property=\"article:publisher\" content=\"https:\/\/www.facebook.com\/gruebelbach\/\" \/>\n<meta property=\"article:modified_time\" content=\"2022-08-26T01:41:30+00:00\" \/>\n<meta property=\"og:image\" content=\"https:\/\/gruebelbach.de\/wp-content\/uploads\/katze-erkennen-cover.jpg\" \/>\n\t<meta property=\"og:image:width\" content=\"1920\" \/>\n\t<meta property=\"og:image:height\" content=\"1080\" \/>\n\t<meta property=\"og:image:type\" content=\"image\/jpeg\" \/>\n<meta name=\"twitter:card\" content=\"summary_large_image\" \/>\n<meta name=\"twitter:site\" content=\"@gruebelbach\" \/>\n<meta name=\"twitter:label1\" content=\"Est. reading time\" \/>\n\t<meta name=\"twitter:data1\" content=\"2 minutes\" \/>\n<script type=\"application\/ld+json\" class=\"yoast-schema-graph\">{\"@context\":\"https:\\\/\\\/schema.org\",\"@graph\":[{\"@type\":\"WebPage\",\"@id\":\"https:\\\/\\\/gruebelbach.de\\\/en\\\/presse-infos-zu-releases-von-konrad-gruebelbach\\\/presse-info-zur-single-katze-erkennen\\\/\",\"url\":\"https:\\\/\\\/gruebelbach.de\\\/en\\\/presse-infos-zu-releases-von-konrad-gruebelbach\\\/presse-info-zur-single-katze-erkennen\\\/\",\"name\":\"Presse-Info zur Single \ud83c\udfb8 \ud83d\ude3a KATZE ERKENNEN\",\"isPartOf\":{\"@id\":\"https:\\\/\\\/gruebelbach.de\\\/en\\\/#website\"},\"primaryImageOfPage\":{\"@id\":\"https:\\\/\\\/gruebelbach.de\\\/en\\\/presse-infos-zu-releases-von-konrad-gruebelbach\\\/presse-info-zur-single-katze-erkennen\\\/#primaryimage\"},\"image\":{\"@id\":\"https:\\\/\\\/gruebelbach.de\\\/en\\\/presse-infos-zu-releases-von-konrad-gruebelbach\\\/presse-info-zur-single-katze-erkennen\\\/#primaryimage\"},\"thumbnailUrl\":\"https:\\\/\\\/i0.wp.com\\\/gruebelbach.de\\\/wp-content\\\/uploads\\\/katze-erkennen-cover.jpg?fit=1920%2C1080&ssl=1\",\"datePublished\":\"2020-10-26T15:54:19+00:00\",\"dateModified\":\"2022-08-26T01:41:30+00:00\",\"breadcrumb\":{\"@id\":\"https:\\\/\\\/gruebelbach.de\\\/en\\\/presse-infos-zu-releases-von-konrad-gruebelbach\\\/presse-info-zur-single-katze-erkennen\\\/#breadcrumb\"},\"inLanguage\":\"en-US\",\"potentialAction\":[{\"@type\":\"ReadAction\",\"target\":[\"https:\\\/\\\/gruebelbach.de\\\/en\\\/presse-infos-zu-releases-von-konrad-gruebelbach\\\/presse-info-zur-single-katze-erkennen\\\/\"]}]},{\"@type\":\"ImageObject\",\"inLanguage\":\"en-US\",\"@id\":\"https:\\\/\\\/gruebelbach.de\\\/en\\\/presse-infos-zu-releases-von-konrad-gruebelbach\\\/presse-info-zur-single-katze-erkennen\\\/#primaryimage\",\"url\":\"https:\\\/\\\/i0.wp.com\\\/gruebelbach.de\\\/wp-content\\\/uploads\\\/katze-erkennen-cover.jpg?fit=1920%2C1080&ssl=1\",\"contentUrl\":\"https:\\\/\\\/i0.wp.com\\\/gruebelbach.de\\\/wp-content\\\/uploads\\\/katze-erkennen-cover.jpg?fit=1920%2C1080&ssl=1\",\"width\":1920,\"height\":1080,\"caption\":\"katze erkennen cover\"},{\"@type\":\"BreadcrumbList\",\"@id\":\"https:\\\/\\\/gruebelbach.de\\\/en\\\/presse-infos-zu-releases-von-konrad-gruebelbach\\\/presse-info-zur-single-katze-erkennen\\\/#breadcrumb\",\"itemListElement\":[{\"@type\":\"ListItem\",\"position\":1,\"name\":\"Startseite\",\"item\":\"https:\\\/\\\/gruebelbach.de\\\/en\\\/\"},{\"@type\":\"ListItem\",\"position\":2,\"name\":\"Press Releases by \ud83c\udfb8 GR\u00dcBELBACH\",\"item\":\"https:\\\/\\\/gruebelbach.de\\\/en\\\/presse-infos-zu-releases-von-konrad-gruebelbach\\\/\"},{\"@type\":\"ListItem\",\"position\":3,\"name\":\"Presse-Info zur Single \ud83c\udfb8 \ud83d\ude3a KATZE ERKENNEN\"}]},{\"@type\":\"WebSite\",\"@id\":\"https:\\\/\\\/gruebelbach.de\\\/en\\\/#website\",\"url\":\"https:\\\/\\\/gruebelbach.de\\\/en\\\/\",\"name\":\"GR\u00dcBELBACH\",\"description\":\"Music by confiction\",\"publisher\":{\"@id\":\"https:\\\/\\\/gruebelbach.de\\\/en\\\/#organization\"},\"potentialAction\":[{\"@type\":\"SearchAction\",\"target\":{\"@type\":\"EntryPoint\",\"urlTemplate\":\"https:\\\/\\\/gruebelbach.de\\\/en\\\/?s={search_term_string}\"},\"query-input\":{\"@type\":\"PropertyValueSpecification\",\"valueRequired\":true,\"valueName\":\"search_term_string\"}}],\"inLanguage\":\"en-US\"},{\"@type\":\"Organization\",\"@id\":\"https:\\\/\\\/gruebelbach.de\\\/en\\\/#organization\",\"name\":\"GR\u00dcBELBACH\",\"url\":\"https:\\\/\\\/gruebelbach.de\\\/en\\\/\",\"logo\":{\"@type\":\"ImageObject\",\"inLanguage\":\"en-US\",\"@id\":\"https:\\\/\\\/gruebelbach.de\\\/en\\\/#\\\/schema\\\/logo\\\/image\\\/\",\"url\":\"https:\\\/\\\/i0.wp.com\\\/gruebelbach.de\\\/wp-content\\\/uploads\\\/gruebelbach_bandcamp-profilbild.jpg?fit=599%2C599&ssl=1\",\"contentUrl\":\"https:\\\/\\\/i0.wp.com\\\/gruebelbach.de\\\/wp-content\\\/uploads\\\/gruebelbach_bandcamp-profilbild.jpg?fit=599%2C599&ssl=1\",\"width\":599,\"height\":599,\"caption\":\"GR\u00dcBELBACH\"},\"image\":{\"@id\":\"https:\\\/\\\/gruebelbach.de\\\/en\\\/#\\\/schema\\\/logo\\\/image\\\/\"},\"sameAs\":[\"https:\\\/\\\/www.facebook.com\\\/gruebelbach\\\/\",\"https:\\\/\\\/x.com\\\/gruebelbach\",\"https:\\\/\\\/www.instagram.com\\\/gruebelbach.music\\\/\",\"https:\\\/\\\/www.linkedin.com\\\/in\\\/konrad-grbelbach-67ba331b5\\\/\",\"https:\\\/\\\/www.pinterest.de\\\/gruebelbach\\\/\",\"https:\\\/\\\/www.youtube.com\\\/channel\\\/UCEkSpmoR-PdlBGD8vTHTg-A\",\"https:\\\/\\\/gruebelbach.tumblr.com\\\/\"]}]}<\/script>\n<!-- \/ Yoast SEO plugin. -->","yoast_head_json":{"title":"Presse-Info zur Single \ud83c\udfb8 \ud83d\ude3a KATZE ERKENNEN","robots":{"index":"index","follow":"follow","max-snippet":"max-snippet:-1","max-image-preview":"max-image-preview:large","max-video-preview":"max-video-preview:-1"},"canonical":"https:\/\/gruebelbach.de\/en\/presse-infos-zu-releases-von-konrad-gruebelbach\/presse-info-zur-single-katze-erkennen\/","og_locale":"en_US","og_type":"article","og_title":"[:de]Presse-Info zur Single \ud83c\udfb8 \ud83d\ude3a KATZE ERKENNEN[:] | GR\u00dcBELBACH","og_description":"&nbsp; Konrad Gr\u00fcbelbach KATZE ERKENNEN Label: Gr\u00fcbelSound GTIN\/EAN\/UPC: 4064832129397 ISRC: DELJ82057237 Auf den Plattformen: Spotify Deezer amazon iTunes &nbsp; \u201eWas machst du, wenn du dich nicht erinnerst \/ woran man eine Katze erkennt?\u201c \u2013 Sichere Abhilfe bei Alltagsproblemen wie diesen verspricht die erste Musik-Single KATZE ERKENNEN von Konrad GR\u00dcBELBACH, Liedermacher\/Singer-Songwriter mit Gitarrenmusik und deutschsprachigen Texten. [&hellip;]","og_url":"https:\/\/gruebelbach.de\/en\/presse-infos-zu-releases-von-konrad-gruebelbach\/presse-info-zur-single-katze-erkennen\/","og_site_name":"GR\u00dcBELBACH","article_publisher":"https:\/\/www.facebook.com\/gruebelbach\/","article_modified_time":"2022-08-26T01:41:30+00:00","og_image":[{"width":1920,"height":1080,"url":"https:\/\/gruebelbach.de\/wp-content\/uploads\/katze-erkennen-cover.jpg","type":"image\/jpeg"}],"twitter_card":"summary_large_image","twitter_site":"@gruebelbach","twitter_misc":{"Est. reading time":"2 minutes"},"schema":{"@context":"https:\/\/schema.org","@graph":[{"@type":"WebPage","@id":"https:\/\/gruebelbach.de\/en\/presse-infos-zu-releases-von-konrad-gruebelbach\/presse-info-zur-single-katze-erkennen\/","url":"https:\/\/gruebelbach.de\/en\/presse-infos-zu-releases-von-konrad-gruebelbach\/presse-info-zur-single-katze-erkennen\/","name":"Presse-Info zur Single \ud83c\udfb8 \ud83d\ude3a KATZE ERKENNEN","isPartOf":{"@id":"https:\/\/gruebelbach.de\/en\/#website"},"primaryImageOfPage":{"@id":"https:\/\/gruebelbach.de\/en\/presse-infos-zu-releases-von-konrad-gruebelbach\/presse-info-zur-single-katze-erkennen\/#primaryimage"},"image":{"@id":"https:\/\/gruebelbach.de\/en\/presse-infos-zu-releases-von-konrad-gruebelbach\/presse-info-zur-single-katze-erkennen\/#primaryimage"},"thumbnailUrl":"https:\/\/i0.wp.com\/gruebelbach.de\/wp-content\/uploads\/katze-erkennen-cover.jpg?fit=1920%2C1080&ssl=1","datePublished":"2020-10-26T15:54:19+00:00","dateModified":"2022-08-26T01:41:30+00:00","breadcrumb":{"@id":"https:\/\/gruebelbach.de\/en\/presse-infos-zu-releases-von-konrad-gruebelbach\/presse-info-zur-single-katze-erkennen\/#breadcrumb"},"inLanguage":"en-US","potentialAction":[{"@type":"ReadAction","target":["https:\/\/gruebelbach.de\/en\/presse-infos-zu-releases-von-konrad-gruebelbach\/presse-info-zur-single-katze-erkennen\/"]}]},{"@type":"ImageObject","inLanguage":"en-US","@id":"https:\/\/gruebelbach.de\/en\/presse-infos-zu-releases-von-konrad-gruebelbach\/presse-info-zur-single-katze-erkennen\/#primaryimage","url":"https:\/\/i0.wp.com\/gruebelbach.de\/wp-content\/uploads\/katze-erkennen-cover.jpg?fit=1920%2C1080&ssl=1","contentUrl":"https:\/\/i0.wp.com\/gruebelbach.de\/wp-content\/uploads\/katze-erkennen-cover.jpg?fit=1920%2C1080&ssl=1","width":1920,"height":1080,"caption":"katze erkennen cover"},{"@type":"BreadcrumbList","@id":"https:\/\/gruebelbach.de\/en\/presse-infos-zu-releases-von-konrad-gruebelbach\/presse-info-zur-single-katze-erkennen\/#breadcrumb","itemListElement":[{"@type":"ListItem","position":1,"name":"Startseite","item":"https:\/\/gruebelbach.de\/en\/"},{"@type":"ListItem","position":2,"name":"Press Releases by \ud83c\udfb8 GR\u00dcBELBACH","item":"https:\/\/gruebelbach.de\/en\/presse-infos-zu-releases-von-konrad-gruebelbach\/"},{"@type":"ListItem","position":3,"name":"Presse-Info zur Single \ud83c\udfb8 \ud83d\ude3a KATZE ERKENNEN"}]},{"@type":"WebSite","@id":"https:\/\/gruebelbach.de\/en\/#website","url":"https:\/\/gruebelbach.de\/en\/","name":"GR\u00dcBELBACH","description":"Music by confiction","publisher":{"@id":"https:\/\/gruebelbach.de\/en\/#organization"},"potentialAction":[{"@type":"SearchAction","target":{"@type":"EntryPoint","urlTemplate":"https:\/\/gruebelbach.de\/en\/?s={search_term_string}"},"query-input":{"@type":"PropertyValueSpecification","valueRequired":true,"valueName":"search_term_string"}}],"inLanguage":"en-US"},{"@type":"Organization","@id":"https:\/\/gruebelbach.de\/en\/#organization","name":"GR\u00dcBELBACH","url":"https:\/\/gruebelbach.de\/en\/","logo":{"@type":"ImageObject","inLanguage":"en-US","@id":"https:\/\/gruebelbach.de\/en\/#\/schema\/logo\/image\/","url":"https:\/\/i0.wp.com\/gruebelbach.de\/wp-content\/uploads\/gruebelbach_bandcamp-profilbild.jpg?fit=599%2C599&ssl=1","contentUrl":"https:\/\/i0.wp.com\/gruebelbach.de\/wp-content\/uploads\/gruebelbach_bandcamp-profilbild.jpg?fit=599%2C599&ssl=1","width":599,"height":599,"caption":"GR\u00dcBELBACH"},"image":{"@id":"https:\/\/gruebelbach.de\/en\/#\/schema\/logo\/image\/"},"sameAs":["https:\/\/www.facebook.com\/gruebelbach\/","https:\/\/x.com\/gruebelbach","https:\/\/www.instagram.com\/gruebelbach.music\/","https:\/\/www.linkedin.com\/in\/konrad-grbelbach-67ba331b5\/","https:\/\/www.pinterest.de\/gruebelbach\/","https:\/\/www.youtube.com\/channel\/UCEkSpmoR-PdlBGD8vTHTg-A","https:\/\/gruebelbach.tumblr.com\/"]}]}},"jetpack_sharing_enabled":true,"_links":{"self":[{"href":"https:\/\/gruebelbach.de\/en\/wp-json\/wp\/v2\/pages\/1406","targetHints":{"allow":["GET"]}}],"collection":[{"href":"https:\/\/gruebelbach.de\/en\/wp-json\/wp\/v2\/pages"}],"about":[{"href":"https:\/\/gruebelbach.de\/en\/wp-json\/wp\/v2\/types\/page"}],"author":[{"embeddable":true,"href":"https:\/\/gruebelbach.de\/en\/wp-json\/wp\/v2\/users\/1"}],"replies":[{"embeddable":true,"href":"https:\/\/gruebelbach.de\/en\/wp-json\/wp\/v2\/comments?post=1406"}],"version-history":[{"count":1,"href":"https:\/\/gruebelbach.de\/en\/wp-json\/wp\/v2\/pages\/1406\/revisions"}],"predecessor-version":[{"id":2642,"href":"https:\/\/gruebelbach.de\/en\/wp-json\/wp\/v2\/pages\/1406\/revisions\/2642"}],"up":[{"embeddable":true,"href":"https:\/\/gruebelbach.de\/en\/wp-json\/wp\/v2\/pages\/2639"}],"wp:featuredmedia":[{"embeddable":true,"href":"https:\/\/gruebelbach.de\/en\/wp-json\/wp\/v2\/media\/1290"}],"wp:attachment":[{"href":"https:\/\/gruebelbach.de\/en\/wp-json\/wp\/v2\/media?parent=1406"}],"curies":[{"name":"wp","href":"https:\/\/api.w.org\/{rel}","templated":true}]}}