{"id":2588,"date":"2022-08-25T22:32:28","date_gmt":"2022-08-25T20:32:28","guid":{"rendered":"https:\/\/gruebelbach.de\/?page_id=2588"},"modified":"2023-03-23T23:29:08","modified_gmt":"2023-03-23T22:29:08","slug":"rock-dots","status":"publish","type":"page","link":"https:\/\/gruebelbach.de\/en\/alben\/rock-dots\/","title":{"rendered":"\u2797 ROCK DOTS"},"content":{"rendered":"<div class=\"wp-block-image\">\n<figure class=\"aligncenter size-full\"><img data-recalc-dims=\"1\" loading=\"lazy\" decoding=\"async\" width=\"300\" height=\"300\" src=\"https:\/\/i0.wp.com\/gruebelbach.de\/wp-content\/uploads\/konrad-gruebelbach-rock-dots-cover_300x300px.jpg?resize=300%2C300&#038;ssl=1\" alt=\"Rock Dots Album-Cover\" class=\"wp-image-2294\" srcset=\"https:\/\/i0.wp.com\/gruebelbach.de\/wp-content\/uploads\/konrad-gruebelbach-rock-dots-cover_300x300px.jpg?w=300&amp;ssl=1 300w, https:\/\/i0.wp.com\/gruebelbach.de\/wp-content\/uploads\/konrad-gruebelbach-rock-dots-cover_300x300px.jpg?resize=150%2C150&amp;ssl=1 150w, https:\/\/i0.wp.com\/gruebelbach.de\/wp-content\/uploads\/konrad-gruebelbach-rock-dots-cover_300x300px.jpg?resize=200%2C200&amp;ssl=1 200w, https:\/\/i0.wp.com\/gruebelbach.de\/wp-content\/uploads\/konrad-gruebelbach-rock-dots-cover_300x300px.jpg?resize=100%2C100&amp;ssl=1 100w\" sizes=\"auto, (max-width: 300px) 100vw, 300px\" \/><\/figure>\n<\/div>\n\n\n<p class=\"has-text-align-center\"><strong>Album Release: Nov 25, 2022<\/strong><\/p>\n\n\n\n<p class=\"has-text-align-center\">\ud83d\udc49 <em>Clear here for the detailed <strong><a href=\"https:\/\/gruebelbach.de\/en\/presse-infos-zu-releases-von-konrad-gruebelbach\/presse-info-zum-album-rock-dots\/\">Press Release<\/a><\/strong><\/em><\/p>\n\n\n\n<p><em>\u201cThe <\/em><strong><em>\u2797<\/em> <\/strong><em><strong>ROCK DOTS<\/strong> are highly necessary from my point of view &#8211; in a border area of music history and my own biography. After all, the \u00dc in my last name puts me under the spell of the Rock Dots or also R\u00f6ck D\u00f6ts, which came up in 1967. What bands like Blue \u00d6yster Cult or Mot\u00f6rhead have in common is that they turned a feature of German written language into radical chic. In typography, Rock Dots are the mark of Cain of the evil German. The fact that I\u2019m switching to English for this (and probably some following) has a conceptual reason here: that we\u2019re seeing Anglicization in general, culturally and economically. Every German-language music release is already interrelated to an overall Americanized environment.<\/em><\/p>\n\n\n\n<p><em>I take the two points, the trema of one of the German umlauts that international heavy metal has claimed for itself, as loopholes leading into my own play with the English language. And, of course, a musical vocabulary that is never so clear genre-wise with me. The first album <\/em><strong><em>\ud83c\udf5e<\/em> <em>BROTESTSONGS<\/em><\/strong><em> was certainly something singer-songwriter-like with little excursions into electric guitar rock, Latin and a bit of jazz. <\/em><strong><em>\u2797<\/em> <em>ROCK DOTS<\/em><\/strong><em> has more electric guitar and synth sounds, with styles from the rock, jazz rock and electronica spectrum.<\/em><\/p>\n\n\n\n<p><em>The level of lyrics and music videos for several songs again opens up several perspectives on the international motherland of pop. I\u2019m talking about pop culture in general as well as the horror genre in particular, or carrying on the voice of media theorist Marshall McLuhan, who was as profound as he was funny.\u201d<\/em><\/p>\n\n\n\n<p>(Konrad Gr\u00fcbelbach)<\/p>\n\n\n\n<p><strong>\u2797 ROCK DOTS<\/strong> are a production of <strong>\ud83c\udfb8 Gr\u00fcbelSound<\/strong>, available on all major platforms and accompanied by <a href=\"https:\/\/gruebelbach.de\/en\/category\/videos\/gruebelbach-videos\/gruebelbach-musik-videos\/\"><strong>music videos<\/strong> on \ud83d\udfe5<strong> YouTube<\/strong><\/a>.<\/p>\n\n\n\n<p>All links in one overview: <a title=\"Links zu Highlights, Websites und Plattformen\" href=\"https:\/\/linktr.ee\/gruebelbach\" target=\"_blank\" rel=\"noopener noreferrer\"><strong>\ud83c\udf32<\/strong><\/a> <a title=\"Links zu Highlights, Websites und Plattformen\" href=\"https:\/\/linktr.ee\/gruebelbach\" target=\"_blank\" rel=\"noopener noreferrer\"><strong>linktr.ee\/gruebelbach<\/strong><\/a><\/p>\n\n\n\n<hr class=\"wp-block-separator has-alpha-channel-opacity\"\/>\n\n\n\n<p><strong>Track-List<\/strong><\/p>\n\n\n\n<p>01&nbsp;&nbsp;<a href=\"https:\/\/gruebelbach.de\/en\/lyrics\/rock-dots-single\">Rock Dots<\/a><\/p>\n\n\n\n<p>02 &nbsp;<a href=\"https:\/\/gruebelbach.de\/en\/lyrics\/out-of-order-rock-dots\/\">Out Of Order<\/a><\/p>\n\n\n\n<p>03&nbsp;&nbsp;<a href=\"https:\/\/gruebelbach.de\/en\/lyrics\/sign-of-the-pagan-rock-dots\/\">Sign Of The Pagan<\/a><\/p>\n\n\n\n<p>04&nbsp;&nbsp;<a href=\"https:\/\/gruebelbach.de\/en\/lyrics\/easier-to-say-rock-dots\/\">Easier To Say<\/a><\/p>\n\n\n\n<p>05&nbsp;&nbsp;<a href=\"https:\/\/gruebelbach.de\/en\/lyrics\/marshall-ft-metaled-rock-dots\/\">Marshall ft. MetalEd<\/a><\/p>\n\n\n\n<p>06&nbsp; <a href=\"https:\/\/gruebelbach.de\/en\/lyrics\/the-king-turns-up-rock-dots\/\">The King Turns Up<\/a><a href=\"https:\/\/gruebelbach.de\/lyrics\/loesen-sich-lichter-auf-brotestsongs\/\"><\/a><\/p>\n\n\n\n<p>07&nbsp;&nbsp;<a href=\"https:\/\/gruebelbach.de\/en\/lyrics\/spray-rock-dots\/\">Spray<\/a><\/p>\n\n\n\n<p>08&nbsp;&nbsp;<a href=\"https:\/\/gruebelbach.de\/en\/lyrics\/silent-night-rock-dots\/\">Silent Night<\/a><\/p>\n\n\n\n<p>09&nbsp;&nbsp;<a href=\"https:\/\/gruebelbach.de\/en\/lyrics\/time-dilation-rock-dots\/\">Time Dilation<\/a><a href=\"https:\/\/gruebelbach.de\/presse-info-zur-single-teil-des-systems\/\"><\/a><\/p>\n\n\n\n<p>10&nbsp;&nbsp;<a href=\"https:\/\/gruebelbach.de\/en\/lyrics\/the-green-rock-dots\/\">The Green<\/a><\/p>\n\n\n\n<p>&nbsp;<\/p>\n<div class=\"shariff shariff-align-left shariff-widget-align-left\"><ul class=\"shariff-buttons theme-round orientation-horizontal buttonsize-medium\"><li class=\"shariff-button twitter shariff-nocustomcolor\" style=\"background-color:#595959\"><a href=\"https:\/\/twitter.com\/share?url=https%3A%2F%2Fgruebelbach.de%2Fen%2Falben%2Frock-dots%2F&text=%E2%9E%97%20ROCK%20DOTS\" title=\"Bei X teilen\" aria-label=\"Bei X teilen\" role=\"button\" rel=\"noopener nofollow\" class=\"shariff-link\" style=\"; background-color:#000; color:#fff\" target=\"_blank\"><span class=\"shariff-icon\" style=\"\"><svg width=\"32px\" height=\"20px\" xmlns=\"http:\/\/www.w3.org\/2000\/svg\" viewBox=\"0 0 24 24\"><path fill=\"#000\" d=\"M14.258 10.152L23.176 0h-2.113l-7.747 8.813L7.133 0H0l9.352 13.328L0 23.973h2.113l8.176-9.309 6.531 9.309h7.133zm-2.895 3.293l-.949-1.328L2.875 1.56h3.246l6.086 8.523.945 1.328 7.91 11.078h-3.246zm0 0\"\/><\/svg><\/span><\/a><\/li><li class=\"shariff-button facebook shariff-nocustomcolor\" style=\"background-color:#4273c8\"><a href=\"https:\/\/www.facebook.com\/sharer\/sharer.php?u=https%3A%2F%2Fgruebelbach.de%2Fen%2Falben%2Frock-dots%2F\" title=\"Bei Facebook teilen\" aria-label=\"Bei Facebook teilen\" role=\"button\" rel=\"nofollow\" class=\"shariff-link\" style=\"; background-color:#3b5998; color:#fff\" target=\"_blank\"><span class=\"shariff-icon\" style=\"\"><svg width=\"32px\" height=\"20px\" xmlns=\"http:\/\/www.w3.org\/2000\/svg\" viewBox=\"0 0 18 32\"><path fill=\"#3b5998\" d=\"M17.1 0.2v4.7h-2.8q-1.5 0-2.1 0.6t-0.5 1.9v3.4h5.2l-0.7 5.3h-4.5v13.6h-5.5v-13.6h-4.5v-5.3h4.5v-3.9q0-3.3 1.9-5.2t5-1.8q2.6 0 4.1 0.2z\"\/><\/svg><\/span><\/a><\/li><li class=\"shariff-button pinterest shariff-nocustomcolor\" style=\"background-color:#e70f18\"><a href=\"https:\/\/www.pinterest.com\/pin\/create\/link\/?url=https%3A%2F%2Fgruebelbach.de%2Fen%2Falben%2Frock-dots%2F&media=https%3A%2F%2Fgruebelbach.de%2Fwp-content%2Fuploads%2Frock-dots-album-vorschau.jpg&description=%E2%9E%97%20ROCK%20DOTS\" title=\"Bei Pinterest pinnen\" aria-label=\"Bei Pinterest pinnen\" role=\"button\" rel=\"noopener nofollow\" class=\"shariff-link\" style=\"; background-color:#cb2027; color:#fff\" target=\"_blank\"><span class=\"shariff-icon\" style=\"\"><svg width=\"32px\" height=\"20px\" xmlns=\"http:\/\/www.w3.org\/2000\/svg\" viewBox=\"0 0 27 32\"><path fill=\"#cb2027\" d=\"M27.4 16q0 3.7-1.8 6.9t-5 5-6.9 1.9q-2 0-3.9-0.6 1.1-1.7 1.4-2.9 0.2-0.6 1-3.8 0.4 0.7 1.3 1.2t2 0.5q2.1 0 3.8-1.2t2.7-3.4 0.9-4.8q0-2-1.1-3.8t-3.1-2.9-4.5-1.2q-1.9 0-3.5 0.5t-2.8 1.4-2 2-1.2 2.3-0.4 2.4q0 1.9 0.7 3.3t2.1 2q0.5 0.2 0.7-0.4 0-0.1 0.1-0.5t0.2-0.5q0.1-0.4-0.2-0.8-0.9-1.1-0.9-2.7 0-2.7 1.9-4.6t4.9-2q2.7 0 4.2 1.5t1.5 3.8q0 3-1.2 5.2t-3.1 2.1q-1.1 0-1.7-0.8t-0.4-1.9q0.1-0.6 0.5-1.7t0.5-1.8 0.2-1.4q0-0.9-0.5-1.5t-1.4-0.6q-1.1 0-1.9 1t-0.8 2.6q0 1.3 0.4 2.2l-1.8 7.5q-0.3 1.2-0.2 3.2-3.7-1.6-6-5t-2.3-7.6q0-3.7 1.9-6.9t5-5 6.9-1.9 6.9 1.9 5 5 1.8 6.9z\"\/><\/svg><\/span><\/a><\/li><li class=\"shariff-button telegram shariff-nocustomcolor\" style=\"background-color:#4084A6\"><a href=\"https:\/\/telegram.me\/share\/url?url=https%3A%2F%2Fgruebelbach.de%2Fen%2Falben%2Frock-dots%2F&text=%E2%9E%97%20ROCK%20DOTS\" title=\"Bei Telegram teilen\" aria-label=\"Bei Telegram teilen\" role=\"button\" rel=\"noopener nofollow\" class=\"shariff-link\" style=\"; background-color:#0088cc; color:#fff\" target=\"_blank\"><span class=\"shariff-icon\" style=\"\"><svg width=\"32px\" height=\"20px\" xmlns=\"http:\/\/www.w3.org\/2000\/svg\" viewBox=\"0 0 32 32\"><path fill=\"#0088cc\" d=\"M30.8 6.5l-4.5 21.4c-.3 1.5-1.2 1.9-2.5 1.2L16.9 24l-3.3 3.2c-.4.4-.7.7-1.4.7l.5-7L25.5 9.2c.6-.5-.1-.8-.9-.3l-15.8 10L2 16.7c-1.5-.5-1.5-1.5.3-2.2L28.9 4.3c1.3-.5 2.3.3 1.9 2.2z\"\/><\/svg><\/span><\/a><\/li><li class=\"shariff-button whatsapp shariff-nocustomcolor\" style=\"background-color:#5cbe4a\"><a href=\"https:\/\/api.whatsapp.com\/send?text=https%3A%2F%2Fgruebelbach.de%2Fen%2Falben%2Frock-dots%2F%20%E2%9E%97%20ROCK%20DOTS\" title=\"Bei Whatsapp teilen\" aria-label=\"Bei Whatsapp teilen\" role=\"button\" rel=\"noopener nofollow\" class=\"shariff-link\" style=\"; background-color:#34af23; color:#fff\" target=\"_blank\"><span class=\"shariff-icon\" style=\"\"><svg width=\"32px\" height=\"20px\" xmlns=\"http:\/\/www.w3.org\/2000\/svg\" viewBox=\"0 0 32 32\"><path fill=\"#34af23\" d=\"M17.6 17.4q0.2 0 1.7 0.8t1.6 0.9q0 0.1 0 0.3 0 0.6-0.3 1.4-0.3 0.7-1.3 1.2t-1.8 0.5q-1 0-3.4-1.1-1.7-0.8-3-2.1t-2.6-3.3q-1.3-1.9-1.3-3.5v-0.1q0.1-1.6 1.3-2.8 0.4-0.4 0.9-0.4 0.1 0 0.3 0t0.3 0q0.3 0 0.5 0.1t0.3 0.5q0.1 0.4 0.6 1.6t0.4 1.3q0 0.4-0.6 1t-0.6 0.8q0 0.1 0.1 0.3 0.6 1.3 1.8 2.4 1 0.9 2.7 1.8 0.2 0.1 0.4 0.1 0.3 0 1-0.9t0.9-0.9zM14 26.9q2.3 0 4.3-0.9t3.6-2.4 2.4-3.6 0.9-4.3-0.9-4.3-2.4-3.6-3.6-2.4-4.3-0.9-4.3 0.9-3.6 2.4-2.4 3.6-0.9 4.3q0 3.6 2.1 6.6l-1.4 4.2 4.3-1.4q2.8 1.9 6.2 1.9zM14 2.2q2.7 0 5.2 1.1t4.3 2.9 2.9 4.3 1.1 5.2-1.1 5.2-2.9 4.3-4.3 2.9-5.2 1.1q-3.5 0-6.5-1.7l-7.4 2.4 2.4-7.2q-1.9-3.2-1.9-6.9 0-2.7 1.1-5.2t2.9-4.3 4.3-2.9 5.2-1.1z\"\/><\/svg><\/span><\/a><\/li><li class=\"shariff-button mailto shariff-nocustomcolor\" style=\"background-color:#a8a8a8\"><a href=\"mailto:?body=https%3A%2F%2Fgruebelbach.de%2Fen%2Falben%2Frock-dots%2F&subject=%E2%9E%97%20ROCK%20DOTS\" title=\"Per E-Mail versenden\" aria-label=\"Per E-Mail versenden\" role=\"button\" rel=\"noopener nofollow\" class=\"shariff-link\" style=\"; background-color:#999; color:#fff\"><span class=\"shariff-icon\" style=\"\"><svg width=\"32px\" height=\"20px\" xmlns=\"http:\/\/www.w3.org\/2000\/svg\" viewBox=\"0 0 32 32\"><path fill=\"#999\" d=\"M32 12.7v14.2q0 1.2-0.8 2t-2 0.9h-26.3q-1.2 0-2-0.9t-0.8-2v-14.2q0.8 0.9 1.8 1.6 6.5 4.4 8.9 6.1 1 0.8 1.6 1.2t1.7 0.9 2 0.4h0.1q0.9 0 2-0.4t1.7-0.9 1.6-1.2q3-2.2 8.9-6.1 1-0.7 1.8-1.6zM32 7.4q0 1.4-0.9 2.7t-2.2 2.2q-6.7 4.7-8.4 5.8-0.2 0.1-0.7 0.5t-1 0.7-0.9 0.6-1.1 0.5-0.9 0.2h-0.1q-0.4 0-0.9-0.2t-1.1-0.5-0.9-0.6-1-0.7-0.7-0.5q-1.6-1.1-4.7-3.2t-3.6-2.6q-1.1-0.7-2.1-2t-1-2.5q0-1.4 0.7-2.3t2.1-0.9h26.3q1.2 0 2 0.8t0.9 2z\"\/><\/svg><\/span><\/a><\/li><\/ul><\/div>","protected":false},"excerpt":{"rendered":"<p>Album Release: Nov 25, 2022 \ud83d\udc49 Clear here for the detailed Press Release \u201cThe \u2797 ROCK DOTS are highly necessary from my point of view &#8211; in a border area of music history and my own biography. After all, the \u00dc in my last name puts me under the spell of the Rock Dots or [&hellip;]<\/p>\n","protected":false},"author":1,"featured_media":2613,"parent":2568,"menu_order":0,"comment_status":"closed","ping_status":"closed","template":"","meta":{"jetpack_post_was_ever_published":false,"footnotes":""},"class_list":["post-2588","page","type-page","status-publish","has-post-thumbnail","hentry"],"yoast_head":"<!-- This site is optimized with the Yoast SEO plugin v27.4 - https:\/\/yoast.com\/product\/yoast-seo-wordpress\/ -->\n<title>\u2797 ROCK DOTS<\/title>\n<meta name=\"robots\" content=\"index, follow, max-snippet:-1, max-image-preview:large, max-video-preview:-1\" \/>\n<link rel=\"canonical\" href=\"https:\/\/gruebelbach.de\/en\/alben\/rock-dots\/\" \/>\n<meta property=\"og:locale\" content=\"en_US\" \/>\n<meta property=\"og:locale:alternate\" content=\"de_DE\" \/>\n<meta property=\"og:type\" content=\"article\" \/>\n<meta property=\"og:title\" content=\"\u2797 ROCK DOTS\" \/>\n<meta property=\"og:description\" content=\"Album Release: Nov 25, 2022 \ud83d\udc49 Clear here for the detailed Press Release \u201cThe \u2797 ROCK DOTS are highly necessary from my point of view &#8211; in a border area of music history and my own biography. After all, the \u00dc in my last name puts me under the spell of the Rock Dots or [&hellip;]\" \/>\n<meta property=\"og:url\" content=\"https:\/\/gruebelbach.de\/en\/alben\/rock-dots\/\" \/>\n<meta property=\"og:site_name\" content=\"GR\u00dcBELBACH\" \/>\n<meta property=\"article:publisher\" content=\"https:\/\/www.facebook.com\/gruebelbach\/\" \/>\n<meta property=\"article:modified_time\" content=\"2023-03-23T22:29:08+00:00\" \/>\n<meta property=\"og:image\" content=\"https:\/\/gruebelbach.de\/wp-content\/uploads\/rock-dots-album-vorschau.jpg\" \/>\n\t<meta property=\"og:image:width\" content=\"1920\" \/>\n\t<meta property=\"og:image:height\" content=\"1080\" \/>\n\t<meta property=\"og:image:type\" content=\"image\/jpeg\" \/>\n<meta name=\"twitter:card\" content=\"summary_large_image\" \/>\n<meta name=\"twitter:site\" content=\"@gruebelbach\" \/>\n<meta name=\"twitter:label1\" content=\"Est. reading time\" \/>\n\t<meta name=\"twitter:data1\" content=\"2 minutes\" \/>\n<script type=\"application\/ld+json\" class=\"yoast-schema-graph\">{\"@context\":\"https:\\\/\\\/schema.org\",\"@graph\":[{\"@type\":\"WebPage\",\"@id\":\"https:\\\/\\\/gruebelbach.de\\\/alben\\\/rock-dots\\\/\",\"url\":\"https:\\\/\\\/gruebelbach.de\\\/alben\\\/rock-dots\\\/\",\"name\":\"\u2797 ROCK DOTS\",\"isPartOf\":{\"@id\":\"https:\\\/\\\/gruebelbach.de\\\/en\\\/#website\"},\"primaryImageOfPage\":{\"@id\":\"https:\\\/\\\/gruebelbach.de\\\/alben\\\/rock-dots\\\/#primaryimage\"},\"image\":{\"@id\":\"https:\\\/\\\/gruebelbach.de\\\/alben\\\/rock-dots\\\/#primaryimage\"},\"thumbnailUrl\":\"https:\\\/\\\/i0.wp.com\\\/gruebelbach.de\\\/wp-content\\\/uploads\\\/rock-dots-album-vorschau.jpg?fit=1920%2C1080&ssl=1\",\"datePublished\":\"2022-08-25T20:32:28+00:00\",\"dateModified\":\"2023-03-23T22:29:08+00:00\",\"breadcrumb\":{\"@id\":\"https:\\\/\\\/gruebelbach.de\\\/alben\\\/rock-dots\\\/#breadcrumb\"},\"inLanguage\":\"en-US\",\"potentialAction\":[{\"@type\":\"ReadAction\",\"target\":[\"https:\\\/\\\/gruebelbach.de\\\/alben\\\/rock-dots\\\/\"]}]},{\"@type\":\"ImageObject\",\"inLanguage\":\"en-US\",\"@id\":\"https:\\\/\\\/gruebelbach.de\\\/alben\\\/rock-dots\\\/#primaryimage\",\"url\":\"https:\\\/\\\/i0.wp.com\\\/gruebelbach.de\\\/wp-content\\\/uploads\\\/rock-dots-album-vorschau.jpg?fit=1920%2C1080&ssl=1\",\"contentUrl\":\"https:\\\/\\\/i0.wp.com\\\/gruebelbach.de\\\/wp-content\\\/uploads\\\/rock-dots-album-vorschau.jpg?fit=1920%2C1080&ssl=1\",\"width\":1920,\"height\":1080,\"caption\":\"rock dots album vorschau\"},{\"@type\":\"BreadcrumbList\",\"@id\":\"https:\\\/\\\/gruebelbach.de\\\/alben\\\/rock-dots\\\/#breadcrumb\",\"itemListElement\":[{\"@type\":\"ListItem\",\"position\":1,\"name\":\"Startseite\",\"item\":\"https:\\\/\\\/gruebelbach.de\\\/en\\\/\"},{\"@type\":\"ListItem\",\"position\":2,\"name\":\"Alben \ud83d\udcbf\",\"item\":\"https:\\\/\\\/gruebelbach.de\\\/alben\\\/\"},{\"@type\":\"ListItem\",\"position\":3,\"name\":\"\u2797 ROCK DOTS\"}]},{\"@type\":\"WebSite\",\"@id\":\"https:\\\/\\\/gruebelbach.de\\\/en\\\/#website\",\"url\":\"https:\\\/\\\/gruebelbach.de\\\/en\\\/\",\"name\":\"GR\u00dcBELBACH\",\"description\":\"Music by confiction\",\"publisher\":{\"@id\":\"https:\\\/\\\/gruebelbach.de\\\/en\\\/#organization\"},\"potentialAction\":[{\"@type\":\"SearchAction\",\"target\":{\"@type\":\"EntryPoint\",\"urlTemplate\":\"https:\\\/\\\/gruebelbach.de\\\/en\\\/?s={search_term_string}\"},\"query-input\":{\"@type\":\"PropertyValueSpecification\",\"valueRequired\":true,\"valueName\":\"search_term_string\"}}],\"inLanguage\":\"en-US\"},{\"@type\":\"Organization\",\"@id\":\"https:\\\/\\\/gruebelbach.de\\\/en\\\/#organization\",\"name\":\"GR\u00dcBELBACH\",\"url\":\"https:\\\/\\\/gruebelbach.de\\\/en\\\/\",\"logo\":{\"@type\":\"ImageObject\",\"inLanguage\":\"en-US\",\"@id\":\"https:\\\/\\\/gruebelbach.de\\\/en\\\/#\\\/schema\\\/logo\\\/image\\\/\",\"url\":\"https:\\\/\\\/i0.wp.com\\\/gruebelbach.de\\\/wp-content\\\/uploads\\\/gruebelbach_bandcamp-profilbild.jpg?fit=599%2C599&ssl=1\",\"contentUrl\":\"https:\\\/\\\/i0.wp.com\\\/gruebelbach.de\\\/wp-content\\\/uploads\\\/gruebelbach_bandcamp-profilbild.jpg?fit=599%2C599&ssl=1\",\"width\":599,\"height\":599,\"caption\":\"GR\u00dcBELBACH\"},\"image\":{\"@id\":\"https:\\\/\\\/gruebelbach.de\\\/en\\\/#\\\/schema\\\/logo\\\/image\\\/\"},\"sameAs\":[\"https:\\\/\\\/www.facebook.com\\\/gruebelbach\\\/\",\"https:\\\/\\\/x.com\\\/gruebelbach\",\"https:\\\/\\\/www.instagram.com\\\/gruebelbach.music\\\/\",\"https:\\\/\\\/www.linkedin.com\\\/in\\\/konrad-grbelbach-67ba331b5\\\/\",\"https:\\\/\\\/www.pinterest.de\\\/gruebelbach\\\/\",\"https:\\\/\\\/www.youtube.com\\\/channel\\\/UCEkSpmoR-PdlBGD8vTHTg-A\",\"https:\\\/\\\/gruebelbach.tumblr.com\\\/\"]}]}<\/script>\n<!-- \/ Yoast SEO plugin. -->","yoast_head_json":{"title":"\u2797 ROCK DOTS","robots":{"index":"index","follow":"follow","max-snippet":"max-snippet:-1","max-image-preview":"max-image-preview:large","max-video-preview":"max-video-preview:-1"},"canonical":"https:\/\/gruebelbach.de\/en\/alben\/rock-dots\/","og_locale":"en_US","og_type":"article","og_title":"[:de]\u2797 ROCK DOTS[:] | GR\u00dcBELBACH","og_description":"Album Release: Nov 25, 2022 \ud83d\udc49 Clear here for the detailed Press Release \u201cThe \u2797 ROCK DOTS are highly necessary from my point of view &#8211; in a border area of music history and my own biography. After all, the \u00dc in my last name puts me under the spell of the Rock Dots or [&hellip;]","og_url":"https:\/\/gruebelbach.de\/en\/alben\/rock-dots\/","og_site_name":"GR\u00dcBELBACH","article_publisher":"https:\/\/www.facebook.com\/gruebelbach\/","article_modified_time":"2023-03-23T22:29:08+00:00","og_image":[{"width":1920,"height":1080,"url":"https:\/\/gruebelbach.de\/wp-content\/uploads\/rock-dots-album-vorschau.jpg","type":"image\/jpeg"}],"twitter_card":"summary_large_image","twitter_site":"@gruebelbach","twitter_misc":{"Est. reading time":"2 minutes"},"schema":{"@context":"https:\/\/schema.org","@graph":[{"@type":"WebPage","@id":"https:\/\/gruebelbach.de\/alben\/rock-dots\/","url":"https:\/\/gruebelbach.de\/alben\/rock-dots\/","name":"\u2797 ROCK DOTS","isPartOf":{"@id":"https:\/\/gruebelbach.de\/en\/#website"},"primaryImageOfPage":{"@id":"https:\/\/gruebelbach.de\/alben\/rock-dots\/#primaryimage"},"image":{"@id":"https:\/\/gruebelbach.de\/alben\/rock-dots\/#primaryimage"},"thumbnailUrl":"https:\/\/i0.wp.com\/gruebelbach.de\/wp-content\/uploads\/rock-dots-album-vorschau.jpg?fit=1920%2C1080&ssl=1","datePublished":"2022-08-25T20:32:28+00:00","dateModified":"2023-03-23T22:29:08+00:00","breadcrumb":{"@id":"https:\/\/gruebelbach.de\/alben\/rock-dots\/#breadcrumb"},"inLanguage":"en-US","potentialAction":[{"@type":"ReadAction","target":["https:\/\/gruebelbach.de\/alben\/rock-dots\/"]}]},{"@type":"ImageObject","inLanguage":"en-US","@id":"https:\/\/gruebelbach.de\/alben\/rock-dots\/#primaryimage","url":"https:\/\/i0.wp.com\/gruebelbach.de\/wp-content\/uploads\/rock-dots-album-vorschau.jpg?fit=1920%2C1080&ssl=1","contentUrl":"https:\/\/i0.wp.com\/gruebelbach.de\/wp-content\/uploads\/rock-dots-album-vorschau.jpg?fit=1920%2C1080&ssl=1","width":1920,"height":1080,"caption":"rock dots album vorschau"},{"@type":"BreadcrumbList","@id":"https:\/\/gruebelbach.de\/alben\/rock-dots\/#breadcrumb","itemListElement":[{"@type":"ListItem","position":1,"name":"Startseite","item":"https:\/\/gruebelbach.de\/en\/"},{"@type":"ListItem","position":2,"name":"Alben \ud83d\udcbf","item":"https:\/\/gruebelbach.de\/alben\/"},{"@type":"ListItem","position":3,"name":"\u2797 ROCK DOTS"}]},{"@type":"WebSite","@id":"https:\/\/gruebelbach.de\/en\/#website","url":"https:\/\/gruebelbach.de\/en\/","name":"GR\u00dcBELBACH","description":"Music by confiction","publisher":{"@id":"https:\/\/gruebelbach.de\/en\/#organization"},"potentialAction":[{"@type":"SearchAction","target":{"@type":"EntryPoint","urlTemplate":"https:\/\/gruebelbach.de\/en\/?s={search_term_string}"},"query-input":{"@type":"PropertyValueSpecification","valueRequired":true,"valueName":"search_term_string"}}],"inLanguage":"en-US"},{"@type":"Organization","@id":"https:\/\/gruebelbach.de\/en\/#organization","name":"GR\u00dcBELBACH","url":"https:\/\/gruebelbach.de\/en\/","logo":{"@type":"ImageObject","inLanguage":"en-US","@id":"https:\/\/gruebelbach.de\/en\/#\/schema\/logo\/image\/","url":"https:\/\/i0.wp.com\/gruebelbach.de\/wp-content\/uploads\/gruebelbach_bandcamp-profilbild.jpg?fit=599%2C599&ssl=1","contentUrl":"https:\/\/i0.wp.com\/gruebelbach.de\/wp-content\/uploads\/gruebelbach_bandcamp-profilbild.jpg?fit=599%2C599&ssl=1","width":599,"height":599,"caption":"GR\u00dcBELBACH"},"image":{"@id":"https:\/\/gruebelbach.de\/en\/#\/schema\/logo\/image\/"},"sameAs":["https:\/\/www.facebook.com\/gruebelbach\/","https:\/\/x.com\/gruebelbach","https:\/\/www.instagram.com\/gruebelbach.music\/","https:\/\/www.linkedin.com\/in\/konrad-grbelbach-67ba331b5\/","https:\/\/www.pinterest.de\/gruebelbach\/","https:\/\/www.youtube.com\/channel\/UCEkSpmoR-PdlBGD8vTHTg-A","https:\/\/gruebelbach.tumblr.com\/"]}]}},"jetpack_sharing_enabled":true,"_links":{"self":[{"href":"https:\/\/gruebelbach.de\/en\/wp-json\/wp\/v2\/pages\/2588","targetHints":{"allow":["GET"]}}],"collection":[{"href":"https:\/\/gruebelbach.de\/en\/wp-json\/wp\/v2\/pages"}],"about":[{"href":"https:\/\/gruebelbach.de\/en\/wp-json\/wp\/v2\/types\/page"}],"author":[{"embeddable":true,"href":"https:\/\/gruebelbach.de\/en\/wp-json\/wp\/v2\/users\/1"}],"replies":[{"embeddable":true,"href":"https:\/\/gruebelbach.de\/en\/wp-json\/wp\/v2\/comments?post=2588"}],"version-history":[{"count":26,"href":"https:\/\/gruebelbach.de\/en\/wp-json\/wp\/v2\/pages\/2588\/revisions"}],"predecessor-version":[{"id":3172,"href":"https:\/\/gruebelbach.de\/en\/wp-json\/wp\/v2\/pages\/2588\/revisions\/3172"}],"up":[{"embeddable":true,"href":"https:\/\/gruebelbach.de\/en\/wp-json\/wp\/v2\/pages\/2568"}],"wp:featuredmedia":[{"embeddable":true,"href":"https:\/\/gruebelbach.de\/en\/wp-json\/wp\/v2\/media\/2613"}],"wp:attachment":[{"href":"https:\/\/gruebelbach.de\/en\/wp-json\/wp\/v2\/media?parent=2588"}],"curies":[{"name":"wp","href":"https:\/\/api.w.org\/{rel}","templated":true}]}}