{"id":344,"date":"2020-05-24T19:18:04","date_gmt":"2020-05-24T17:18:04","guid":{"rendered":"https:\/\/filmdenken.de\/gruebelbach\/?page_id=344"},"modified":"2023-03-08T13:32:59","modified_gmt":"2023-03-08T12:32:59","slug":"katze-erkennen-brotestsongs","status":"publish","type":"page","link":"https:\/\/gruebelbach.de\/en\/lyrics\/katze-erkennen-brotestsongs\/","title":{"rendered":"Katze erkennen \ud83d\ude3a BROTESTSONGS"},"content":{"rendered":"\n<div style=\"float: left; margin-top: 10px;\"><iframe loading=\"lazy\" src=\"https:\/\/open.spotify.com\/embed\/album\/6Tbu5noEbU3aXFFIaZvlbr\" allowtransparency=\"true\" allow=\"encrypted-media\" width=\"300\" height=\"80\" frameborder=\"0\"><\/iframe><\/div>\n<div class=\"wp-block-image\"><figure class=\"alignright size-large is-resized\"><a href=\"https:\/\/gruebelbach.de\/lyrics#brotestsongs\"><div style=\"margin-left: 30px !important;\"><img data-recalc-dims=\"1\" loading=\"lazy\" decoding=\"async\" src=\"https:\/\/i0.wp.com\/gruebelbach.de\/wp-content\/uploads\/brotestsongs-cover-konrad-gruebelbach.jpg?resize=131%2C131&#038;ssl=1\" alt=\"\" class=\"wp-image-343\" width=\"131\" height=\"131\"><\/div><\/a><\/figure><\/div>\n<div style=\"clear: both;\">\n\n<p>Was machst du, wenn du dich nicht erinnerst<br>woran man eine Katze erkennt?<br>Wo willst du landen, wenn du beim Fahrradfahren<br>mit nem knallroten Fallschirm bremst?<\/p>\n<p>Dann kritisierst du den Lotsen<br>\u00fcber den gr\u00fcnen Klee<br>Und du suchst Argumente<br>f\u00fcr die SPD<\/p>\n<iframe loading=\"lazy\" src=\"https:\/\/www.youtube.com\/embed\/-khz9bXOm2A\" allow=\"accelerometer; autoplay; clipboard-write; encrypted-media; gyroscope; picture-in-picture\" allowfullscreen=\"\" width=\"560\" height=\"315\" frameborder=\"0\"><\/iframe>\n<p>Was machst du, wenn deine Gleichstellungsbeauftragte<br>mal wieder die Prognose verhunzt?<br>Was machst du, h\u00e4lt im Gew\u00e4chshaus der G\u00e4rtner<br>das Preisschild einer Primel f\u00fcr Kunst?<\/p>\n<p>Dann bleibt wohl nicht vieles<br>au\u00dfer nem Fencheltee<br>Und du setzt deine Hoffnung<br>in die SPD<\/p>\n<p>Konntest du dich nicht fr\u00fcher entscheiden<br>wieviele Kn\u00f6pfe du dr\u00fcckst pro Quartal?<br>Bringt es dir was, Frequenzen zu meiden<br>auf dem letzten Fernsehkanal?<\/p>\n<p>Was machst du, wenn du dich nicht erinnerst<br>woran man eine Katze erkennt?<br>Wo willst du landen, wenn du beim Fahrradfahren<br>mit nem knallroten Fallschirm bremst?<\/p>\n<p>Dann gehst du nicht schwimmen<br>ohne \u02bcn Luftballon<br>Und wenn da SPD draufsteht<br>wen interessiert das schon?<\/p>\n\n\n\n\n\n\n\n\n\n\n\n<p>&nbsp;<\/p><\/div>\n\n<p>\u2712\ufe0f&nbsp;<a href=\"https:\/\/gruebelbach.de\/presse-info-zur-single-katze-erkennen\/\"><strong><em>Presse-Info KATZE ERKENNEN<\/em><\/strong><\/a><\/p>\n\n<p>&nbsp;<\/p>\n<div class=\"shariff shariff-align-left shariff-widget-align-left\"><ul class=\"shariff-buttons theme-round orientation-horizontal buttonsize-medium\"><li class=\"shariff-button twitter shariff-nocustomcolor\" style=\"background-color:#595959\"><a href=\"https:\/\/twitter.com\/share?url=https%3A%2F%2Fgruebelbach.de%2Fen%2Flyrics%2Fkatze-erkennen-brotestsongs%2F&text=Katze%20erkennen%20%F0%9F%98%BA%20BROTESTSONGS\" title=\"Bei X teilen\" aria-label=\"Bei X teilen\" role=\"button\" rel=\"noopener nofollow\" class=\"shariff-link\" style=\"; background-color:#000; color:#fff\" target=\"_blank\"><span class=\"shariff-icon\" style=\"\"><svg width=\"32px\" height=\"20px\" xmlns=\"http:\/\/www.w3.org\/2000\/svg\" viewBox=\"0 0 24 24\"><path fill=\"#000\" d=\"M14.258 10.152L23.176 0h-2.113l-7.747 8.813L7.133 0H0l9.352 13.328L0 23.973h2.113l8.176-9.309 6.531 9.309h7.133zm-2.895 3.293l-.949-1.328L2.875 1.56h3.246l6.086 8.523.945 1.328 7.91 11.078h-3.246zm0 0\"\/><\/svg><\/span><\/a><\/li><li class=\"shariff-button facebook shariff-nocustomcolor\" style=\"background-color:#4273c8\"><a href=\"https:\/\/www.facebook.com\/sharer\/sharer.php?u=https%3A%2F%2Fgruebelbach.de%2Fen%2Flyrics%2Fkatze-erkennen-brotestsongs%2F\" title=\"Bei Facebook teilen\" aria-label=\"Bei Facebook teilen\" role=\"button\" rel=\"nofollow\" class=\"shariff-link\" style=\"; background-color:#3b5998; color:#fff\" target=\"_blank\"><span class=\"shariff-icon\" style=\"\"><svg width=\"32px\" height=\"20px\" xmlns=\"http:\/\/www.w3.org\/2000\/svg\" viewBox=\"0 0 18 32\"><path fill=\"#3b5998\" d=\"M17.1 0.2v4.7h-2.8q-1.5 0-2.1 0.6t-0.5 1.9v3.4h5.2l-0.7 5.3h-4.5v13.6h-5.5v-13.6h-4.5v-5.3h4.5v-3.9q0-3.3 1.9-5.2t5-1.8q2.6 0 4.1 0.2z\"\/><\/svg><\/span><\/a><\/li><li class=\"shariff-button pinterest shariff-nocustomcolor\" style=\"background-color:#e70f18\"><a href=\"https:\/\/www.pinterest.com\/pin\/create\/link\/?url=https%3A%2F%2Fgruebelbach.de%2Fen%2Flyrics%2Fkatze-erkennen-brotestsongs%2F&media=https%3A%2F%2Fgruebelbach.de%2Fwp-content%2Fuploads%2FKatze-erkennen-Cover-1-scaled.jpg&description=Katze%20erkennen%20%F0%9F%98%BA%20BROTESTSONGS\" title=\"Bei Pinterest pinnen\" aria-label=\"Bei Pinterest pinnen\" role=\"button\" rel=\"noopener nofollow\" class=\"shariff-link\" style=\"; background-color:#cb2027; color:#fff\" target=\"_blank\"><span class=\"shariff-icon\" style=\"\"><svg width=\"32px\" height=\"20px\" xmlns=\"http:\/\/www.w3.org\/2000\/svg\" viewBox=\"0 0 27 32\"><path fill=\"#cb2027\" d=\"M27.4 16q0 3.7-1.8 6.9t-5 5-6.9 1.9q-2 0-3.9-0.6 1.1-1.7 1.4-2.9 0.2-0.6 1-3.8 0.4 0.7 1.3 1.2t2 0.5q2.1 0 3.8-1.2t2.7-3.4 0.9-4.8q0-2-1.1-3.8t-3.1-2.9-4.5-1.2q-1.9 0-3.5 0.5t-2.8 1.4-2 2-1.2 2.3-0.4 2.4q0 1.9 0.7 3.3t2.1 2q0.5 0.2 0.7-0.4 0-0.1 0.1-0.5t0.2-0.5q0.1-0.4-0.2-0.8-0.9-1.1-0.9-2.7 0-2.7 1.9-4.6t4.9-2q2.7 0 4.2 1.5t1.5 3.8q0 3-1.2 5.2t-3.1 2.1q-1.1 0-1.7-0.8t-0.4-1.9q0.1-0.6 0.5-1.7t0.5-1.8 0.2-1.4q0-0.9-0.5-1.5t-1.4-0.6q-1.1 0-1.9 1t-0.8 2.6q0 1.3 0.4 2.2l-1.8 7.5q-0.3 1.2-0.2 3.2-3.7-1.6-6-5t-2.3-7.6q0-3.7 1.9-6.9t5-5 6.9-1.9 6.9 1.9 5 5 1.8 6.9z\"\/><\/svg><\/span><\/a><\/li><li class=\"shariff-button telegram shariff-nocustomcolor\" style=\"background-color:#4084A6\"><a href=\"https:\/\/telegram.me\/share\/url?url=https%3A%2F%2Fgruebelbach.de%2Fen%2Flyrics%2Fkatze-erkennen-brotestsongs%2F&text=Katze%20erkennen%20%F0%9F%98%BA%20BROTESTSONGS\" title=\"Bei Telegram teilen\" aria-label=\"Bei Telegram teilen\" role=\"button\" rel=\"noopener nofollow\" class=\"shariff-link\" style=\"; background-color:#0088cc; color:#fff\" target=\"_blank\"><span class=\"shariff-icon\" style=\"\"><svg width=\"32px\" height=\"20px\" xmlns=\"http:\/\/www.w3.org\/2000\/svg\" viewBox=\"0 0 32 32\"><path fill=\"#0088cc\" d=\"M30.8 6.5l-4.5 21.4c-.3 1.5-1.2 1.9-2.5 1.2L16.9 24l-3.3 3.2c-.4.4-.7.7-1.4.7l.5-7L25.5 9.2c.6-.5-.1-.8-.9-.3l-15.8 10L2 16.7c-1.5-.5-1.5-1.5.3-2.2L28.9 4.3c1.3-.5 2.3.3 1.9 2.2z\"\/><\/svg><\/span><\/a><\/li><li class=\"shariff-button whatsapp shariff-nocustomcolor\" style=\"background-color:#5cbe4a\"><a href=\"https:\/\/api.whatsapp.com\/send?text=https%3A%2F%2Fgruebelbach.de%2Fen%2Flyrics%2Fkatze-erkennen-brotestsongs%2F%20Katze%20erkennen%20%F0%9F%98%BA%20BROTESTSONGS\" title=\"Bei Whatsapp teilen\" aria-label=\"Bei Whatsapp teilen\" role=\"button\" rel=\"noopener nofollow\" class=\"shariff-link\" style=\"; background-color:#34af23; color:#fff\" target=\"_blank\"><span class=\"shariff-icon\" style=\"\"><svg width=\"32px\" height=\"20px\" xmlns=\"http:\/\/www.w3.org\/2000\/svg\" viewBox=\"0 0 32 32\"><path fill=\"#34af23\" d=\"M17.6 17.4q0.2 0 1.7 0.8t1.6 0.9q0 0.1 0 0.3 0 0.6-0.3 1.4-0.3 0.7-1.3 1.2t-1.8 0.5q-1 0-3.4-1.1-1.7-0.8-3-2.1t-2.6-3.3q-1.3-1.9-1.3-3.5v-0.1q0.1-1.6 1.3-2.8 0.4-0.4 0.9-0.4 0.1 0 0.3 0t0.3 0q0.3 0 0.5 0.1t0.3 0.5q0.1 0.4 0.6 1.6t0.4 1.3q0 0.4-0.6 1t-0.6 0.8q0 0.1 0.1 0.3 0.6 1.3 1.8 2.4 1 0.9 2.7 1.8 0.2 0.1 0.4 0.1 0.3 0 1-0.9t0.9-0.9zM14 26.9q2.3 0 4.3-0.9t3.6-2.4 2.4-3.6 0.9-4.3-0.9-4.3-2.4-3.6-3.6-2.4-4.3-0.9-4.3 0.9-3.6 2.4-2.4 3.6-0.9 4.3q0 3.6 2.1 6.6l-1.4 4.2 4.3-1.4q2.8 1.9 6.2 1.9zM14 2.2q2.7 0 5.2 1.1t4.3 2.9 2.9 4.3 1.1 5.2-1.1 5.2-2.9 4.3-4.3 2.9-5.2 1.1q-3.5 0-6.5-1.7l-7.4 2.4 2.4-7.2q-1.9-3.2-1.9-6.9 0-2.7 1.1-5.2t2.9-4.3 4.3-2.9 5.2-1.1z\"\/><\/svg><\/span><\/a><\/li><li class=\"shariff-button mailto shariff-nocustomcolor\" style=\"background-color:#a8a8a8\"><a href=\"mailto:?body=https%3A%2F%2Fgruebelbach.de%2Fen%2Flyrics%2Fkatze-erkennen-brotestsongs%2F&subject=Katze%20erkennen%20%F0%9F%98%BA%20BROTESTSONGS\" title=\"Per E-Mail versenden\" aria-label=\"Per E-Mail versenden\" role=\"button\" rel=\"noopener nofollow\" class=\"shariff-link\" style=\"; background-color:#999; color:#fff\"><span class=\"shariff-icon\" style=\"\"><svg width=\"32px\" height=\"20px\" xmlns=\"http:\/\/www.w3.org\/2000\/svg\" viewBox=\"0 0 32 32\"><path fill=\"#999\" d=\"M32 12.7v14.2q0 1.2-0.8 2t-2 0.9h-26.3q-1.2 0-2-0.9t-0.8-2v-14.2q0.8 0.9 1.8 1.6 6.5 4.4 8.9 6.1 1 0.8 1.6 1.2t1.7 0.9 2 0.4h0.1q0.9 0 2-0.4t1.7-0.9 1.6-1.2q3-2.2 8.9-6.1 1-0.7 1.8-1.6zM32 7.4q0 1.4-0.9 2.7t-2.2 2.2q-6.7 4.7-8.4 5.8-0.2 0.1-0.7 0.5t-1 0.7-0.9 0.6-1.1 0.5-0.9 0.2h-0.1q-0.4 0-0.9-0.2t-1.1-0.5-0.9-0.6-1-0.7-0.7-0.5q-1.6-1.1-4.7-3.2t-3.6-2.6q-1.1-0.7-2.1-2t-1-2.5q0-1.4 0.7-2.3t2.1-0.9h26.3q1.2 0 2 0.8t0.9 2z\"\/><\/svg><\/span><\/a><\/li><\/ul><\/div>","protected":false},"excerpt":{"rendered":"<p>Was machst du, wenn du dich nicht erinnerstworan man eine Katze erkennt?Wo willst du landen, wenn du beim Fahrradfahrenmit nem knallroten Fallschirm bremst? Dann kritisierst du den Lotsen\u00fcber den gr\u00fcnen KleeUnd du suchst Argumentef\u00fcr die SPD Was machst du, wenn deine Gleichstellungsbeauftragtemal wieder die Prognose verhunzt?Was machst du, h\u00e4lt im Gew\u00e4chshaus der G\u00e4rtnerdas Preisschild einer [&hellip;]<\/p>\n","protected":false},"author":1,"featured_media":1407,"parent":339,"menu_order":0,"comment_status":"closed","ping_status":"closed","template":"","meta":{"jetpack_post_was_ever_published":false,"footnotes":""},"class_list":["post-344","page","type-page","status-publish","has-post-thumbnail","hentry"],"yoast_head":"<!-- This site is optimized with the Yoast SEO plugin v27.4 - https:\/\/yoast.com\/product\/yoast-seo-wordpress\/ -->\n<title>Katze erkennen \ud83d\ude3a BROTESTSONGS<\/title>\n<meta name=\"robots\" content=\"index, follow, max-snippet:-1, max-image-preview:large, max-video-preview:-1\" \/>\n<link rel=\"canonical\" href=\"https:\/\/gruebelbach.de\/en\/lyrics\/katze-erkennen-brotestsongs\/\" \/>\n<meta property=\"og:locale\" content=\"en_US\" \/>\n<meta property=\"og:locale:alternate\" content=\"de_DE\" \/>\n<meta property=\"og:type\" content=\"article\" \/>\n<meta property=\"og:title\" content=\"Katze erkennen \ud83d\ude3a BROTESTSONGS\" \/>\n<meta property=\"og:description\" content=\"Was machst du, wenn du dich nicht erinnerstworan man eine Katze erkennt?Wo willst du landen, wenn du beim Fahrradfahrenmit nem knallroten Fallschirm bremst? Dann kritisierst du den Lotsen\u00fcber den gr\u00fcnen KleeUnd du suchst Argumentef\u00fcr die SPD Was machst du, wenn deine Gleichstellungsbeauftragtemal wieder die Prognose verhunzt?Was machst du, h\u00e4lt im Gew\u00e4chshaus der G\u00e4rtnerdas Preisschild einer [&hellip;]\" \/>\n<meta property=\"og:url\" content=\"https:\/\/gruebelbach.de\/en\/lyrics\/katze-erkennen-brotestsongs\/\" \/>\n<meta property=\"og:site_name\" content=\"GR\u00dcBELBACH\" \/>\n<meta property=\"article:publisher\" content=\"https:\/\/www.facebook.com\/gruebelbach\/\" \/>\n<meta property=\"article:modified_time\" content=\"2023-03-08T12:32:59+00:00\" \/>\n<meta property=\"og:image\" content=\"https:\/\/gruebelbach.de\/wp-content\/uploads\/Katze-erkennen-Cover-1-scaled.jpg\" \/>\n\t<meta property=\"og:image:width\" content=\"2560\" \/>\n\t<meta property=\"og:image:height\" content=\"2560\" \/>\n\t<meta property=\"og:image:type\" content=\"image\/jpeg\" \/>\n<meta name=\"twitter:card\" content=\"summary_large_image\" \/>\n<meta name=\"twitter:site\" content=\"@gruebelbach\" \/>\n<meta name=\"twitter:label1\" content=\"Est. reading time\" \/>\n\t<meta name=\"twitter:data1\" content=\"2 minutes\" \/>\n<script type=\"application\/ld+json\" class=\"yoast-schema-graph\">{\"@context\":\"https:\\\/\\\/schema.org\",\"@graph\":[{\"@type\":\"WebPage\",\"@id\":\"https:\\\/\\\/gruebelbach.de\\\/en\\\/lyrics\\\/katze-erkennen-brotestsongs\\\/\",\"url\":\"https:\\\/\\\/gruebelbach.de\\\/en\\\/lyrics\\\/katze-erkennen-brotestsongs\\\/\",\"name\":\"Katze erkennen \ud83d\ude3a BROTESTSONGS\",\"isPartOf\":{\"@id\":\"https:\\\/\\\/gruebelbach.de\\\/en\\\/#website\"},\"primaryImageOfPage\":{\"@id\":\"https:\\\/\\\/gruebelbach.de\\\/en\\\/lyrics\\\/katze-erkennen-brotestsongs\\\/#primaryimage\"},\"image\":{\"@id\":\"https:\\\/\\\/gruebelbach.de\\\/en\\\/lyrics\\\/katze-erkennen-brotestsongs\\\/#primaryimage\"},\"thumbnailUrl\":\"https:\\\/\\\/i0.wp.com\\\/gruebelbach.de\\\/wp-content\\\/uploads\\\/Katze-erkennen-Cover-1-scaled.jpg?fit=2560%2C2560&ssl=1\",\"datePublished\":\"2020-05-24T17:18:04+00:00\",\"dateModified\":\"2023-03-08T12:32:59+00:00\",\"breadcrumb\":{\"@id\":\"https:\\\/\\\/gruebelbach.de\\\/en\\\/lyrics\\\/katze-erkennen-brotestsongs\\\/#breadcrumb\"},\"inLanguage\":\"en-US\",\"potentialAction\":[{\"@type\":\"ReadAction\",\"target\":[\"https:\\\/\\\/gruebelbach.de\\\/en\\\/lyrics\\\/katze-erkennen-brotestsongs\\\/\"]}]},{\"@type\":\"ImageObject\",\"inLanguage\":\"en-US\",\"@id\":\"https:\\\/\\\/gruebelbach.de\\\/en\\\/lyrics\\\/katze-erkennen-brotestsongs\\\/#primaryimage\",\"url\":\"https:\\\/\\\/i0.wp.com\\\/gruebelbach.de\\\/wp-content\\\/uploads\\\/Katze-erkennen-Cover-1-scaled.jpg?fit=2560%2C2560&ssl=1\",\"contentUrl\":\"https:\\\/\\\/i0.wp.com\\\/gruebelbach.de\\\/wp-content\\\/uploads\\\/Katze-erkennen-Cover-1-scaled.jpg?fit=2560%2C2560&ssl=1\",\"width\":2560,\"height\":2560,\"caption\":\"Katze erkennen Cover 1\"},{\"@type\":\"BreadcrumbList\",\"@id\":\"https:\\\/\\\/gruebelbach.de\\\/en\\\/lyrics\\\/katze-erkennen-brotestsongs\\\/#breadcrumb\",\"itemListElement\":[{\"@type\":\"ListItem\",\"position\":1,\"name\":\"Startseite\",\"item\":\"https:\\\/\\\/gruebelbach.de\\\/en\\\/\"},{\"@type\":\"ListItem\",\"position\":2,\"name\":\"Lyrics\",\"item\":\"https:\\\/\\\/gruebelbach.de\\\/en\\\/lyrics\\\/\"},{\"@type\":\"ListItem\",\"position\":3,\"name\":\"Katze erkennen \ud83d\ude3a BROTESTSONGS\"}]},{\"@type\":\"WebSite\",\"@id\":\"https:\\\/\\\/gruebelbach.de\\\/en\\\/#website\",\"url\":\"https:\\\/\\\/gruebelbach.de\\\/en\\\/\",\"name\":\"GR\u00dcBELBACH\",\"description\":\"Music by confiction\",\"publisher\":{\"@id\":\"https:\\\/\\\/gruebelbach.de\\\/en\\\/#organization\"},\"potentialAction\":[{\"@type\":\"SearchAction\",\"target\":{\"@type\":\"EntryPoint\",\"urlTemplate\":\"https:\\\/\\\/gruebelbach.de\\\/en\\\/?s={search_term_string}\"},\"query-input\":{\"@type\":\"PropertyValueSpecification\",\"valueRequired\":true,\"valueName\":\"search_term_string\"}}],\"inLanguage\":\"en-US\"},{\"@type\":\"Organization\",\"@id\":\"https:\\\/\\\/gruebelbach.de\\\/en\\\/#organization\",\"name\":\"GR\u00dcBELBACH\",\"url\":\"https:\\\/\\\/gruebelbach.de\\\/en\\\/\",\"logo\":{\"@type\":\"ImageObject\",\"inLanguage\":\"en-US\",\"@id\":\"https:\\\/\\\/gruebelbach.de\\\/en\\\/#\\\/schema\\\/logo\\\/image\\\/\",\"url\":\"https:\\\/\\\/i0.wp.com\\\/gruebelbach.de\\\/wp-content\\\/uploads\\\/gruebelbach_bandcamp-profilbild.jpg?fit=599%2C599&ssl=1\",\"contentUrl\":\"https:\\\/\\\/i0.wp.com\\\/gruebelbach.de\\\/wp-content\\\/uploads\\\/gruebelbach_bandcamp-profilbild.jpg?fit=599%2C599&ssl=1\",\"width\":599,\"height\":599,\"caption\":\"GR\u00dcBELBACH\"},\"image\":{\"@id\":\"https:\\\/\\\/gruebelbach.de\\\/en\\\/#\\\/schema\\\/logo\\\/image\\\/\"},\"sameAs\":[\"https:\\\/\\\/www.facebook.com\\\/gruebelbach\\\/\",\"https:\\\/\\\/x.com\\\/gruebelbach\",\"https:\\\/\\\/www.instagram.com\\\/gruebelbach.music\\\/\",\"https:\\\/\\\/www.linkedin.com\\\/in\\\/konrad-grbelbach-67ba331b5\\\/\",\"https:\\\/\\\/www.pinterest.de\\\/gruebelbach\\\/\",\"https:\\\/\\\/www.youtube.com\\\/channel\\\/UCEkSpmoR-PdlBGD8vTHTg-A\",\"https:\\\/\\\/gruebelbach.tumblr.com\\\/\"]}]}<\/script>\n<!-- \/ Yoast SEO plugin. -->","yoast_head_json":{"title":"Katze erkennen \ud83d\ude3a BROTESTSONGS","robots":{"index":"index","follow":"follow","max-snippet":"max-snippet:-1","max-image-preview":"max-image-preview:large","max-video-preview":"max-video-preview:-1"},"canonical":"https:\/\/gruebelbach.de\/en\/lyrics\/katze-erkennen-brotestsongs\/","og_locale":"en_US","og_type":"article","og_title":"[:de]Katze erkennen \ud83d\ude3a BROTESTSONGS[:] | GR\u00dcBELBACH","og_description":"Was machst du, wenn du dich nicht erinnerstworan man eine Katze erkennt?Wo willst du landen, wenn du beim Fahrradfahrenmit nem knallroten Fallschirm bremst? Dann kritisierst du den Lotsen\u00fcber den gr\u00fcnen KleeUnd du suchst Argumentef\u00fcr die SPD Was machst du, wenn deine Gleichstellungsbeauftragtemal wieder die Prognose verhunzt?Was machst du, h\u00e4lt im Gew\u00e4chshaus der G\u00e4rtnerdas Preisschild einer [&hellip;]","og_url":"https:\/\/gruebelbach.de\/en\/lyrics\/katze-erkennen-brotestsongs\/","og_site_name":"GR\u00dcBELBACH","article_publisher":"https:\/\/www.facebook.com\/gruebelbach\/","article_modified_time":"2023-03-08T12:32:59+00:00","og_image":[{"width":2560,"height":2560,"url":"https:\/\/gruebelbach.de\/wp-content\/uploads\/Katze-erkennen-Cover-1-scaled.jpg","type":"image\/jpeg"}],"twitter_card":"summary_large_image","twitter_site":"@gruebelbach","twitter_misc":{"Est. reading time":"2 minutes"},"schema":{"@context":"https:\/\/schema.org","@graph":[{"@type":"WebPage","@id":"https:\/\/gruebelbach.de\/en\/lyrics\/katze-erkennen-brotestsongs\/","url":"https:\/\/gruebelbach.de\/en\/lyrics\/katze-erkennen-brotestsongs\/","name":"Katze erkennen \ud83d\ude3a BROTESTSONGS","isPartOf":{"@id":"https:\/\/gruebelbach.de\/en\/#website"},"primaryImageOfPage":{"@id":"https:\/\/gruebelbach.de\/en\/lyrics\/katze-erkennen-brotestsongs\/#primaryimage"},"image":{"@id":"https:\/\/gruebelbach.de\/en\/lyrics\/katze-erkennen-brotestsongs\/#primaryimage"},"thumbnailUrl":"https:\/\/i0.wp.com\/gruebelbach.de\/wp-content\/uploads\/Katze-erkennen-Cover-1-scaled.jpg?fit=2560%2C2560&ssl=1","datePublished":"2020-05-24T17:18:04+00:00","dateModified":"2023-03-08T12:32:59+00:00","breadcrumb":{"@id":"https:\/\/gruebelbach.de\/en\/lyrics\/katze-erkennen-brotestsongs\/#breadcrumb"},"inLanguage":"en-US","potentialAction":[{"@type":"ReadAction","target":["https:\/\/gruebelbach.de\/en\/lyrics\/katze-erkennen-brotestsongs\/"]}]},{"@type":"ImageObject","inLanguage":"en-US","@id":"https:\/\/gruebelbach.de\/en\/lyrics\/katze-erkennen-brotestsongs\/#primaryimage","url":"https:\/\/i0.wp.com\/gruebelbach.de\/wp-content\/uploads\/Katze-erkennen-Cover-1-scaled.jpg?fit=2560%2C2560&ssl=1","contentUrl":"https:\/\/i0.wp.com\/gruebelbach.de\/wp-content\/uploads\/Katze-erkennen-Cover-1-scaled.jpg?fit=2560%2C2560&ssl=1","width":2560,"height":2560,"caption":"Katze erkennen Cover 1"},{"@type":"BreadcrumbList","@id":"https:\/\/gruebelbach.de\/en\/lyrics\/katze-erkennen-brotestsongs\/#breadcrumb","itemListElement":[{"@type":"ListItem","position":1,"name":"Startseite","item":"https:\/\/gruebelbach.de\/en\/"},{"@type":"ListItem","position":2,"name":"Lyrics","item":"https:\/\/gruebelbach.de\/en\/lyrics\/"},{"@type":"ListItem","position":3,"name":"Katze erkennen \ud83d\ude3a BROTESTSONGS"}]},{"@type":"WebSite","@id":"https:\/\/gruebelbach.de\/en\/#website","url":"https:\/\/gruebelbach.de\/en\/","name":"GR\u00dcBELBACH","description":"Music by confiction","publisher":{"@id":"https:\/\/gruebelbach.de\/en\/#organization"},"potentialAction":[{"@type":"SearchAction","target":{"@type":"EntryPoint","urlTemplate":"https:\/\/gruebelbach.de\/en\/?s={search_term_string}"},"query-input":{"@type":"PropertyValueSpecification","valueRequired":true,"valueName":"search_term_string"}}],"inLanguage":"en-US"},{"@type":"Organization","@id":"https:\/\/gruebelbach.de\/en\/#organization","name":"GR\u00dcBELBACH","url":"https:\/\/gruebelbach.de\/en\/","logo":{"@type":"ImageObject","inLanguage":"en-US","@id":"https:\/\/gruebelbach.de\/en\/#\/schema\/logo\/image\/","url":"https:\/\/i0.wp.com\/gruebelbach.de\/wp-content\/uploads\/gruebelbach_bandcamp-profilbild.jpg?fit=599%2C599&ssl=1","contentUrl":"https:\/\/i0.wp.com\/gruebelbach.de\/wp-content\/uploads\/gruebelbach_bandcamp-profilbild.jpg?fit=599%2C599&ssl=1","width":599,"height":599,"caption":"GR\u00dcBELBACH"},"image":{"@id":"https:\/\/gruebelbach.de\/en\/#\/schema\/logo\/image\/"},"sameAs":["https:\/\/www.facebook.com\/gruebelbach\/","https:\/\/x.com\/gruebelbach","https:\/\/www.instagram.com\/gruebelbach.music\/","https:\/\/www.linkedin.com\/in\/konrad-grbelbach-67ba331b5\/","https:\/\/www.pinterest.de\/gruebelbach\/","https:\/\/www.youtube.com\/channel\/UCEkSpmoR-PdlBGD8vTHTg-A","https:\/\/gruebelbach.tumblr.com\/"]}]}},"jetpack_sharing_enabled":true,"_links":{"self":[{"href":"https:\/\/gruebelbach.de\/en\/wp-json\/wp\/v2\/pages\/344","targetHints":{"allow":["GET"]}}],"collection":[{"href":"https:\/\/gruebelbach.de\/en\/wp-json\/wp\/v2\/pages"}],"about":[{"href":"https:\/\/gruebelbach.de\/en\/wp-json\/wp\/v2\/types\/page"}],"author":[{"embeddable":true,"href":"https:\/\/gruebelbach.de\/en\/wp-json\/wp\/v2\/users\/1"}],"replies":[{"embeddable":true,"href":"https:\/\/gruebelbach.de\/en\/wp-json\/wp\/v2\/comments?post=344"}],"version-history":[{"count":3,"href":"https:\/\/gruebelbach.de\/en\/wp-json\/wp\/v2\/pages\/344\/revisions"}],"predecessor-version":[{"id":3076,"href":"https:\/\/gruebelbach.de\/en\/wp-json\/wp\/v2\/pages\/344\/revisions\/3076"}],"up":[{"embeddable":true,"href":"https:\/\/gruebelbach.de\/en\/wp-json\/wp\/v2\/pages\/339"}],"wp:featuredmedia":[{"embeddable":true,"href":"https:\/\/gruebelbach.de\/en\/wp-json\/wp\/v2\/media\/1407"}],"wp:attachment":[{"href":"https:\/\/gruebelbach.de\/en\/wp-json\/wp\/v2\/media?parent=344"}],"curies":[{"name":"wp","href":"https:\/\/api.w.org\/{rel}","templated":true}]}}